{"id":4060,"date":"2022-01-21T11:53:02","date_gmt":"2022-01-21T11:53:02","guid":{"rendered":"https:\/\/online-guitar-academy.com\/?page_id=4060"},"modified":"2022-01-21T11:53:02","modified_gmt":"2022-01-21T11:53:02","slug":"rhythm","status":"publish","type":"page","link":"https:\/\/online-guitar-academy.com\/index.php\/rhythm\/","title":{"rendered":"Kurs Feel the rhythm"},"content":{"rendered":"<div id='av_section_1'  class='avia-section main_color avia-section-no-padding avia-no-border-styling avia-full-stretch avia-bg-style-fixed  avia-builder-el-0  el_before_av_section  avia-builder-el-first   av-minimum-height av-minimum-height-75  container_wrap fullsize' style='background-repeat: no-repeat; background-image: url(https:\/\/online-guitar-academy.com\/wp-content\/uploads\/2020\/03\/Auq36ar2.png);background-attachment: fixed; background-position: top center;  '  data-section-bg-repeat='stretch' data-av_minimum_height_pc='75'><div class='container' ><main  role=\"main\" itemprop=\"mainContentOfPage\"  class='template-page content  av-content-full alpha units'><div class='post-entry post-entry-type-page post-entry-4060'><div class='entry-content-wrapper clearfix'>\n<div class=\"flex_column av_one_full  av-animated-generic top-to-bottom  flex_column_div av-zero-column-padding first  avia-builder-el-1  avia-builder-el-no-sibling  \" style='border-radius:0px; '><p><div  class='avia-image-container  av-styling-no-styling av-hover-grow   avia-builder-el-2  el_before_av_hr  avia-builder-el-first  avia-align-center '  itemprop=\"image\" itemscope=\"itemscope\" itemtype=\"https:\/\/schema.org\/ImageObject\"  ><div class='avia-image-container-inner'><div class='avia-image-overlay-wrap'><img class='avia_image' src='https:\/\/online-guitar-academy.com\/wp-content\/uploads\/2020\/04\/logo_ogasponsoren_5.png' alt='' title='logo_oga+sponsoren_5' height=\"300\" width=\"1200\"  itemprop=\"thumbnailUrl\"  \/><\/div><\/div><\/div><br \/>\n<div  style=' margin-top:100px; margin-bottom:30px;'  class='hr hr-custom hr-center hr-icon-no   avia-builder-el-3  el_after_av_image  avia-builder-el-last '><span class='hr-inner   inner-border-av-border-none' style=' width:50px;' ><span class='hr-inner-style'><\/span><\/span><\/div><\/p><\/div>\n\n<\/div><\/div><\/main><!-- close content main element --><\/div><div class='av-extra-border-element border-extra-diagonal border-extra-diagonal-inverse '><div class='av-extra-border-outer'><div class='av-extra-border-inner'  style='background-color:#ffffff;' ><\/div><\/div><\/div><\/div><div id='av_section_2'  class='avia-section main_color avia-section-default avia-no-border-styling avia-bg-style-scroll  avia-builder-el-4  el_after_av_section  el_before_av_section   container_wrap fullsize' style=' '  ><div class='container' ><div class='template-page content  av-content-full alpha units'><div class='post-entry post-entry-type-page post-entry-4060'><div class='entry-content-wrapper clearfix'>\n<div class=\"flex_column av_one_third  flex_column_div av-zero-column-padding first  avia-builder-el-5  el_before_av_two_third  avia-builder-el-first  \" style='border-radius:0px; '><div  class='avia-image-container  av-styling-    avia-builder-el-6  avia-builder-el-no-sibling  avia-align-center '  itemprop=\"image\" itemscope=\"itemscope\" itemtype=\"https:\/\/schema.org\/ImageObject\"  ><div class='avia-image-container-inner'><div class='avia-image-overlay-wrap'><img class='avia_image' src='https:\/\/online-guitar-academy.com\/wp-content\/uploads\/2020\/03\/Bild-Paket-Silvio-300x300.jpg' alt='' title='Bild-Paket-Silvio' height=\"300\" width=\"300\"  itemprop=\"thumbnailUrl\"  \/><\/div><\/div><\/div><\/div><div class=\"flex_column av_two_third  flex_column_div av-zero-column-padding   avia-builder-el-7  el_after_av_one_third  avia-builder-el-last  \" style='border-radius:0px; '><section class=\"av_textblock_section \"  itemscope=\"itemscope\" itemtype=\"https:\/\/schema.org\/CreativeWork\" ><div class='avia_textblock  '   itemprop=\"text\" ><h1>Video-Kurs \u201eFeel the rhythm!&#8220;<\/h1>\n<h1>Endlich Rhythmen besser lesen, verstehen und f\u00fchlen<\/h1>\n<\/div><\/section><br \/>\n<section class=\"av_textblock_section \"  itemscope=\"itemscope\" itemtype=\"https:\/\/schema.org\/CreativeWork\" ><div class='avia_textblock  av_inherit_color '  style='color:#000000; '  itemprop=\"text\" ><p id=\"u1958-2\"><strong><span class=\"style-scope yt-formatted-string\" dir=\"auto\">In diesem 15teiligen Videokurs werde ich einen &#8222;besseren Rhythmiker&#8220; aus dir machen!\u00a0 ?<\/span><br \/>\n<\/strong><\/p>\n<p id=\"u1958-6\"><span id=\"u1958-4\">FACTS<\/span> zum Workshop \u201eFeel the rhythm!\u201c:<\/p>\n<ul>\n<li>Der umfassendste deutschsprachige Rhythmus-Kurs f\u00fcr Gitarristen, in dem du u.a. verstehen lernst:<\/li>\n<li>Punktierte Noten, Synkopen, Triolen, alle Taktarten, Fu\u00df- und Metronom-Arbeit, und, und, und &#8230;.<\/li>\n<li id=\"u1958-9\">Perfekt didaktisch aufgebaut mit \u00dcbungen, Aufgaben und dabei<\/li>\n<li><span class=\"style-scope yt-formatted-string\" dir=\"auto\" data-sanitized-data-mce-fragment=\"1\">\u00dcbungen und Praxisteile mit Klatschen, Bodypercussion, Bewegung und Gitarre<\/span><\/li>\n<li>Picking, Strumming, Solospiel auf der Gitarre<\/li>\n<li>in jedem Kapitel ein neues St\u00fcck auf der Gitarre lernen<\/li>\n<li>jede Ausgabe als interaktives pdf (Noten und Tabulatur), Audio &amp; mehreren Videos<\/li>\n<li>15 Kapitel, 15 Monate, 15 St\u00fccke, \u00fcber 700 Min. Videomaterial<\/li>\n<li>dazwischen alle 2 Wochen ein zus\u00e4tzliche \u00dcbungen und Bonusmaterial<\/li>\n<li>Pers\u00f6nliche Betreuung per Mail<\/li>\n<li>Geeignet f\u00fcr jeden ambitionierten Gitarristen sowie Gitarrenlehrer f\u00fcr ihren t\u00e4glichen Unterricht mit Sch\u00fclern.<\/li>\n<\/ul>\n<p><span class=\"style-scope yt-formatted-string\" dir=\"auto\" data-sanitized-data-mce-fragment=\"1\">Du wirst nicht nur viel schneller ein- und zweistimmige Rhythmen lesen k\u00f6nnen, sondern vor allem <strong>F\u00dcHLEN<\/strong> und damit dein Spiel auf der Gitarre wesentlich verbessern!<\/span><\/p>\n<p>Bequem in 2 Raten bezahlbar!<\/p>\n<\/div><\/section><\/p><\/div><\/div><\/div><\/div><!-- close content main div --><\/div><div class='av-extra-border-element border-extra-diagonal border-extra-diagonal-inverse '><div class='av-extra-border-outer'><div class='av-extra-border-inner'  style='background-color:#f8f8f8;' ><\/div><\/div><\/div><\/div><div id='av_section_3'  class='avia-section alternate_color avia-section-default avia-no-border-styling avia-bg-style-scroll  avia-builder-el-10  el_after_av_section  el_before_av_section   container_wrap fullsize' style=' '  ><div class='container' ><div class='template-page content  av-content-full alpha units'><div class='post-entry post-entry-type-page post-entry-4060'><div class='entry-content-wrapper clearfix'>\n<div class=\"flex_column av_three_fifth  flex_column_div av-zero-column-padding first  avia-builder-el-11  el_before_av_two_fifth  avia-builder-el-first  \" style='border-radius:0px; '><div class=\"avia-video avia-video-16-9   av-lazyload-immediate  av-lazyload-video-embed  \" style=\"\" itemprop=\"video\" itemtype=\"https:\/\/schema.org\/VideoObject\" data-original_url=\"https:\/\/www.youtube.com\/watch?v=9qGVEp75K3s\"><div class=\"BorlabsCookie _brlbs-cb-youtube\"><div class=\"_brlbs-content-blocker\"> <div class=\"_brlbs-embed _brlbs-video-youtube\"> <img class=\"_brlbs-thumbnail\" style=\"opacity:0;\" src=\"https:\/\/online-guitar-academy.com\/wp-content\/plugins\/borlabs-cookie\/assets\/images\/cb-no-thumbnail.png\" alt=\"YouTube\"> <div class=\"_brlbs-caption\"> <p>Mit dem Laden des Videos akzeptieren Sie die Datenschutzerkl\u00e4rung von YouTube.<br><a href=\"https:\/\/policies.google.com\/privacy\" target=\"_blank\" rel=\"nofollow noopener noreferrer\">Mehr erfahren<\/a><\/p> <p><a class=\"_brlbs-btn _brlbs-icon-play-white\" href=\"#\" data-borlabs-cookie-unblock role=\"button\">Video laden<\/a><\/p> <p><label><input type=\"checkbox\" name=\"unblockAll\" value=\"1\" checked> <small>YouTube immer entsperren<\/small><\/label><\/p> <\/div> <\/div> <\/div><div class=\"borlabs-hide\" data-borlabs-cookie-type=\"content-blocker\" data-borlabs-cookie-id=\"youtube\"><script type=\"text\/template\">PGRpdiBjbGFzcz0nYXZpYS1pZnJhbWUtd3JhcCc+PGlmcmFtZSB0aXRsZT0iJnF1b3Q7RmVlbCB0aGUgcmh5dGhtJnF1b3Q7LVRyYWlsZXIgLSBFbmRsaWNoIFJoeXRobWVuIGJlc3NlciBsZXNlbiwgdmVyc3RlaGVuIHVuZCBmw7xobGVuISZxdW90OyIgd2lkdGg9IjE1MDAiIGhlaWdodD0iODQ0IiBzcmM9Imh0dHBzOi8vd3d3LnlvdXR1YmUtbm9jb29raWUuY29tL2VtYmVkLzlxR1ZFcDc1SzNzP2ZlYXR1cmU9b2VtYmVkIiBmcmFtZWJvcmRlcj0iMCIgYWxsb3c9ImFjY2VsZXJvbWV0ZXI7IGF1dG9wbGF5OyBjbGlwYm9hcmQtd3JpdGU7IGVuY3J5cHRlZC1tZWRpYTsgZ3lyb3Njb3BlOyBwaWN0dXJlLWluLXBpY3R1cmUiIGFsbG93ZnVsbHNjcmVlbj48L2lmcmFtZT48L2Rpdj4=<\/script><\/div><\/div><\/div><\/div><div class=\"flex_column av_two_fifth  flex_column_div av-zero-column-padding   avia-builder-el-13  el_after_av_three_fifth  avia-builder-el-last  \" style='border-radius:0px; '><p><section class=\"av_textblock_section \"  itemscope=\"itemscope\" itemtype=\"https:\/\/schema.org\/CreativeWork\" ><div class='avia_textblock  '   itemprop=\"text\" ><p>Und hier kannst du den kompletten Kurs f\u00fcr nur 149,- \u20ac<\/p>\n<\/div><\/section><br \/>\n<div  class='avia-buttonrow-wrap avia-buttonrow-left   avia-builder-el-15  el_after_av_textblock  avia-builder-el-last '>\n<a href='https:\/\/silvios-guitar-store.myshopify.com\/collections\/video-kurse\/products\/feel-the-rhythm-20teilg-video-kurs' class='avia-button  avia-icon_select-yes-left-icon avia-color-theme-color avia-size-small ' target=\"_blank\" style='margin-bottom:5px; margin-right:5px; ' rel=\"noopener\"><span class='avia_button_icon avia_button_icon_left ' aria-hidden='true' data-av_icon='\ue841' data-av_iconfont='entypo-fontello'><\/span><span class='avia_iconbox_title' >KAUFEN<\/span><\/a>\n<\/div><\/p><\/div>\n<\/p>\n<\/div><\/div><\/div><!-- close content main div --><\/div><\/div><div id='av_section_4'  class='avia-section header_color avia-section-default avia-no-border-styling avia-bg-style-scroll  avia-builder-el-16  el_after_av_section  avia-builder-el-last   container_wrap fullsize' style='background-repeat: no-repeat; background-image: url(https:\/\/online-guitar-academy.com\/wp-content\/uploads\/2020\/03\/back_header_tuerkis-2.jpg);background-attachment: scroll; background-position: top left;  '  data-section-bg-repeat='no-repeat'><div class='container' ><div class='template-page content  av-content-full alpha units'><div class='post-entry post-entry-type-page post-entry-4060'><div class='entry-content-wrapper clearfix'>\n<div class='flex_column_table av-equal-height-column-flextable -flextable' ><div class=\"flex_column av_one_full  flex_column_table_cell av-equal-height-column av-align-top av-zero-column-padding first  avia-builder-el-17  avia-builder-el-no-sibling  \" style='border-radius:0px; '><p><div   data-autoplay='1'  data-interval='6'  data-animation='fade'  data-hoverpause='1'  class='avia-testimonial-wrapper avia-slider-testimonials avia-slider-2-testimonials avia_animate_when_almost_visible  av-large-testimonial-slider  '>\n<section class ='avia-testimonial-row'><div class='avia-testimonial av_one_half flex_column no_margin avia-testimonial-row-1 avia-first-testimonial'  itemscope=\"itemscope\" itemtype=\"https:\/\/schema.org\/Person\" ><div class='avia-testimonial_inner'><div class='avia-testimonial-content '    itemscope=\"itemscope\" itemtype=\"https:\/\/schema.org\/CreativeWork\" ><p>\u201eLieber Silvio, ich halte Dich einfach f\u00fcr einen begnadeten Didaktiker, was die Vermittlung von Wissen beim Gitarrespiel angeht! Die Kapitel sind gut nachvollziehbar und logisch: Alles baut so sch\u00f6n aufeinander auf&#8230; Dank f\u00fcr diesen wunderbaren Kurs!&#8220;<\/p>\n<\/div><div class='avia-testimonial-meta'><div class='avia-testimonial-arrow-wrap'><div class='avia-arrow'><\/div><\/div><div class='avia-testimonial-meta-mini'><strong  class='avia-testimonial-name'    itemprop=\"name\" >Anke<\/strong><\/div><\/div><\/div><\/div>\n<div class='avia-testimonial av_one_half flex_column no_margin avia-testimonial-row-1 '  itemscope=\"itemscope\" itemtype=\"https:\/\/schema.org\/Person\" ><div class='avia-testimonial_inner'><div class='avia-testimonial-content '    itemscope=\"itemscope\" itemtype=\"https:\/\/schema.org\/CreativeWork\" ><p>Erste Lektion erhalten, danke. Das f\u00e4ngt ja &#8222;smoothly&#8220; an, ganz von vorne. Ist gerade richtig. Und beim Musikst\u00fcck zeigst Du uns, wie Du mit ganz wenigen Noten spannende Musik machen kannst.<\/p>\n<\/div><div class='avia-testimonial-meta'><div class='avia-testimonial-arrow-wrap'><div class='avia-arrow'><\/div><\/div><div class='avia-testimonial-meta-mini'><strong  class='avia-testimonial-name'    itemprop=\"name\" >Markus<\/strong><\/div><\/div><\/div><\/div>\n<div class='avia-testimonial av_one_half flex_column no_margin avia-testimonial-row-1 '  itemscope=\"itemscope\" itemtype=\"https:\/\/schema.org\/Person\" ><div class='avia-testimonial_inner'><div class='avia-testimonial-content '    itemscope=\"itemscope\" itemtype=\"https:\/\/schema.org\/CreativeWork\" ><p>&#8222;Du bist einfach der Beste! In Sachen grooviges Spiel und vor allem auch der didaktischen Vermittlung macht dir hier keiner was vor! Freue mich jeden Monat wie ein kleines Kind auf das n\u00e4chste Kapitel!&#8220;<\/p>\n<\/div><div class='avia-testimonial-meta'><div class='avia-testimonial-arrow-wrap'><div class='avia-arrow'><\/div><\/div><div class='avia-testimonial-meta-mini'><strong  class='avia-testimonial-name'    itemprop=\"name\" >Valentin<\/strong><\/div><\/div><\/div><\/div>\n<div class='avia-testimonial av_one_half flex_column no_margin avia-testimonial-row-1 '  itemscope=\"itemscope\" itemtype=\"https:\/\/schema.org\/Person\" ><div class='avia-testimonial_inner'><div class='avia-testimonial-content '    itemscope=\"itemscope\" itemtype=\"https:\/\/schema.org\/CreativeWork\" ><div dir=\"auto\">Gestern habe ich meinen Kurs bekommen &#8211; didaktisch ein v\u00f6llig anderer Ansatz als gewohnt aus den Standard Gitarrenschulen. Durch die interaktiven PDF&#8217;s habe ich alle Medien mit einem Klick griffbereit &#8211; sehr innovativ und der Zeit entsprechend.<\/div>\n<div dir=\"auto\">Das Abschlusst\u00fcck regt an mit den erlernten Noten zu &#8222;spielen&#8220; und neue Varianten zu erstellen.<\/div>\n<div dir=\"auto\">Auf diese Art und Weise lerne ich Noten durch richtig gute Musik &#8211; und es macht mega Spa\u00df <span class=\"pq6dq46d tbxw36s4 knj5qynh kvgmc6g5 ditlmg2l oygrvhab nvdbi5me sf5mxxl7 gl3lb2sf hhz5lgdu\"><img loading=\"lazy\" src=\"https:\/\/static.xx.fbcdn.net\/images\/emoji.php\/v9\/t4c\/1\/16\/1f642.png\" alt=\"?\" width=\"16\" height=\"16\" \/><\/span><\/div>\n<\/div><div class='avia-testimonial-meta'><div class='avia-testimonial-arrow-wrap'><div class='avia-arrow'><\/div><\/div><div class='avia-testimonial-meta-mini'><strong  class='avia-testimonial-name'    itemprop=\"name\" >Johannes<\/strong><\/div><\/div><\/div><\/div>\n<div class='avia-testimonial av_one_half flex_column no_margin avia-testimonial-row-1 '  itemscope=\"itemscope\" itemtype=\"https:\/\/schema.org\/Person\" ><div class='avia-testimonial_inner'><div class='avia-testimonial-content '    itemscope=\"itemscope\" itemtype=\"https:\/\/schema.org\/CreativeWork\" ><div>Das ist mal wieder soooo sch\u00f6n und ich freue mich darauf. Es macht so viel Spa\u00df diese Grundlagen mit diesem Kurs zu erarbeiten und ich lerne ganz viel dabei. Ich w\u00fcnschte, ich h\u00e4tte so einen Lehrer schon am Anfang gehabt.<\/div>\n<div>Das Noten lesen ging schon im Kapitel 9 bei Hijo de la luna schon fast auf Anhieb ?, lesen vom Blatt !!<br \/>\nIch finde die St\u00fccke, die Du zu jedem Thema hast, sehr sch\u00f6n und ich hole sie mir auch immer mal wieder vor\u2026 auch mit Metronom.. so eine \u00dcberraschung nicht wahr ? \u00a0Ich w\u00fcrde den Kurs auch jederzeit weiter gerne weiter empfehlen\u2026.. Danke daf\u00fcr und weiterhin viel Inspiration. Liebe Gr\u00fc\u00dfe von Marianne<\/div>\n<\/div><div class='avia-testimonial-meta'><div class='avia-testimonial-arrow-wrap'><div class='avia-arrow'><\/div><\/div><div class='avia-testimonial-meta-mini'><strong  class='avia-testimonial-name'    itemprop=\"name\" >Marianne<\/strong><\/div><\/div><\/div><\/div>\n<div class='avia-testimonial av_one_half flex_column no_margin avia-testimonial-row-1 '  itemscope=\"itemscope\" itemtype=\"https:\/\/schema.org\/Person\" ><div class='avia-testimonial_inner'><div class='avia-testimonial-content '    itemscope=\"itemscope\" itemtype=\"https:\/\/schema.org\/CreativeWork\" ><p>&#8222;Vielen Dank f\u00fcr das sch\u00f6ne, lehrreiche und viel Spass bringende online-Paket. Ich bin mit viel Freude dabei!<\/p>\n<p>Besonders Spass bringen mir die Rhytmuspattern zu den jeweiligen St\u00fccken.<\/p>\n<p>Ich freue mich jedesmal, wenn etwas Neues kommt und lerne immer etwas dazu.<\/p>\n<p>Vielen Dank f\u00fcr das wunderbar ausgearbeitete Konzept!&#8220;<\/p>\n<\/div><div class='avia-testimonial-meta'><div class='avia-testimonial-arrow-wrap'><div class='avia-arrow'><\/div><\/div><div class='avia-testimonial-meta-mini'><strong  class='avia-testimonial-name'    itemprop=\"name\" >U. Sinzig<\/strong><\/div><\/div><\/div><\/div>\n<\/section><div class='avia-slideshow-arrows avia-slideshow-controls' ><a href='#prev' class='prev-slide' aria-hidden='true' data-av_icon='\ue87c' data-av_iconfont='entypo-fontello'>Zur\u00fcck<\/a><a href='#next' class='next-slide' aria-hidden='true' data-av_icon='\ue87d' data-av_iconfont='entypo-fontello'>Weiter<\/a><\/div><\/div><br \/>\n<div  style=' margin-top:100px; margin-bottom:30px;'  class='hr hr-custom hr-center hr-icon-no   avia-builder-el-19  el_after_av_testimonials  avia-builder-el-last '><span class='hr-inner   inner-border-av-border-none' style=' width:50px;' ><span class='hr-inner-style'><\/span><\/span><\/div><\/p><\/div><\/div><!--close column table wrapper. Autoclose: 1 -->\n\n","protected":false},"excerpt":{"rendered":"","protected":false},"author":3,"featured_media":0,"parent":0,"menu_order":0,"comment_status":"closed","ping_status":"closed","template":"","meta":[],"yoast_head":"<!-- This site is optimized with the Yoast SEO plugin v19.4 - https:\/\/yoast.com\/wordpress\/plugins\/seo\/ -->\n<title>Kurs Feel the rhythm - Online Guitar Academy<\/title>\n<meta name=\"robots\" content=\"index, follow, max-snippet:-1, max-image-preview:large, max-video-preview:-1\" \/>\n<link rel=\"canonical\" href=\"https:\/\/online-guitar-academy.com\/index.php\/rhythm\/\" \/>\n<meta property=\"og:locale\" content=\"de_DE\" \/>\n<meta property=\"og:type\" content=\"article\" \/>\n<meta property=\"og:title\" content=\"Kurs Feel the rhythm - Online Guitar Academy\" \/>\n<meta property=\"og:url\" content=\"https:\/\/online-guitar-academy.com\/index.php\/rhythm\/\" \/>\n<meta property=\"og:site_name\" content=\"Online Guitar Academy\" \/>\n<meta property=\"og:image\" content=\"https:\/\/static.xx.fbcdn.net\/images\/emoji.php\/v9\/t4c\/1\/16\/1f642.png\" \/>\n<meta name=\"twitter:card\" content=\"summary_large_image\" \/>\n<meta name=\"twitter:label1\" content=\"Gesch\u00e4tzte Lesezeit\" \/>\n\t<meta name=\"twitter:data1\" content=\"11\u00a0Minuten\" \/>\n<script type=\"application\/ld+json\" class=\"yoast-schema-graph\">{\"@context\":\"https:\/\/schema.org\",\"@graph\":[{\"@type\":\"WebSite\",\"@id\":\"https:\/\/online-guitar-academy.com\/#website\",\"url\":\"https:\/\/online-guitar-academy.com\/\",\"name\":\"Online Guitar Academy\",\"description\":\"Gitarrenkurse, Notenhefte, Videos, Guitar Camps\",\"potentialAction\":[{\"@type\":\"SearchAction\",\"target\":{\"@type\":\"EntryPoint\",\"urlTemplate\":\"https:\/\/online-guitar-academy.com\/?s={search_term_string}\"},\"query-input\":\"required name=search_term_string\"}],\"inLanguage\":\"de\"},{\"@type\":\"WebPage\",\"@id\":\"https:\/\/online-guitar-academy.com\/index.php\/rhythm\/\",\"url\":\"https:\/\/online-guitar-academy.com\/index.php\/rhythm\/\",\"name\":\"Kurs Feel the rhythm - Online Guitar Academy\",\"isPartOf\":{\"@id\":\"https:\/\/online-guitar-academy.com\/#website\"},\"datePublished\":\"2022-01-21T11:53:02+00:00\",\"dateModified\":\"2022-01-21T11:53:02+00:00\",\"breadcrumb\":{\"@id\":\"https:\/\/online-guitar-academy.com\/index.php\/rhythm\/#breadcrumb\"},\"inLanguage\":\"de\",\"potentialAction\":[{\"@type\":\"ReadAction\",\"target\":[\"https:\/\/online-guitar-academy.com\/index.php\/rhythm\/\"]}]},{\"@type\":\"BreadcrumbList\",\"@id\":\"https:\/\/online-guitar-academy.com\/index.php\/rhythm\/#breadcrumb\",\"itemListElement\":[{\"@type\":\"ListItem\",\"position\":1,\"name\":\"Home\",\"item\":\"https:\/\/online-guitar-academy.com\/\"},{\"@type\":\"ListItem\",\"position\":2,\"name\":\"Kurs Feel the rhythm\"}]}]}<\/script>\n<!-- \/ Yoast SEO plugin. -->","yoast_head_json":{"title":"Kurs Feel the rhythm - Online Guitar Academy","robots":{"index":"index","follow":"follow","max-snippet":"max-snippet:-1","max-image-preview":"max-image-preview:large","max-video-preview":"max-video-preview:-1"},"canonical":"https:\/\/online-guitar-academy.com\/index.php\/rhythm\/","og_locale":"de_DE","og_type":"article","og_title":"Kurs Feel the rhythm - Online Guitar Academy","og_url":"https:\/\/online-guitar-academy.com\/index.php\/rhythm\/","og_site_name":"Online Guitar Academy","og_image":[{"url":"https:\/\/static.xx.fbcdn.net\/images\/emoji.php\/v9\/t4c\/1\/16\/1f642.png"}],"twitter_card":"summary_large_image","twitter_misc":{"Gesch\u00e4tzte Lesezeit":"11\u00a0Minuten"},"schema":{"@context":"https:\/\/schema.org","@graph":[{"@type":"WebSite","@id":"https:\/\/online-guitar-academy.com\/#website","url":"https:\/\/online-guitar-academy.com\/","name":"Online Guitar Academy","description":"Gitarrenkurse, Notenhefte, Videos, Guitar Camps","potentialAction":[{"@type":"SearchAction","target":{"@type":"EntryPoint","urlTemplate":"https:\/\/online-guitar-academy.com\/?s={search_term_string}"},"query-input":"required name=search_term_string"}],"inLanguage":"de"},{"@type":"WebPage","@id":"https:\/\/online-guitar-academy.com\/index.php\/rhythm\/","url":"https:\/\/online-guitar-academy.com\/index.php\/rhythm\/","name":"Kurs Feel the rhythm - Online Guitar Academy","isPartOf":{"@id":"https:\/\/online-guitar-academy.com\/#website"},"datePublished":"2022-01-21T11:53:02+00:00","dateModified":"2022-01-21T11:53:02+00:00","breadcrumb":{"@id":"https:\/\/online-guitar-academy.com\/index.php\/rhythm\/#breadcrumb"},"inLanguage":"de","potentialAction":[{"@type":"ReadAction","target":["https:\/\/online-guitar-academy.com\/index.php\/rhythm\/"]}]},{"@type":"BreadcrumbList","@id":"https:\/\/online-guitar-academy.com\/index.php\/rhythm\/#breadcrumb","itemListElement":[{"@type":"ListItem","position":1,"name":"Home","item":"https:\/\/online-guitar-academy.com\/"},{"@type":"ListItem","position":2,"name":"Kurs Feel the rhythm"}]}]}},"_links":{"self":[{"href":"https:\/\/online-guitar-academy.com\/index.php\/wp-json\/wp\/v2\/pages\/4060"}],"collection":[{"href":"https:\/\/online-guitar-academy.com\/index.php\/wp-json\/wp\/v2\/pages"}],"about":[{"href":"https:\/\/online-guitar-academy.com\/index.php\/wp-json\/wp\/v2\/types\/page"}],"author":[{"embeddable":true,"href":"https:\/\/online-guitar-academy.com\/index.php\/wp-json\/wp\/v2\/users\/3"}],"replies":[{"embeddable":true,"href":"https:\/\/online-guitar-academy.com\/index.php\/wp-json\/wp\/v2\/comments?post=4060"}],"version-history":[{"count":4,"href":"https:\/\/online-guitar-academy.com\/index.php\/wp-json\/wp\/v2\/pages\/4060\/revisions"}],"predecessor-version":[{"id":4069,"href":"https:\/\/online-guitar-academy.com\/index.php\/wp-json\/wp\/v2\/pages\/4060\/revisions\/4069"}],"wp:attachment":[{"href":"https:\/\/online-guitar-academy.com\/index.php\/wp-json\/wp\/v2\/media?parent=4060"}],"curies":[{"name":"wp","href":"https:\/\/api.w.org\/{rel}","templated":true}]}}