{"id":2201,"date":"2020-03-31T08:56:47","date_gmt":"2020-03-31T08:56:47","guid":{"rendered":"https:\/\/online-guitar-academy.com\/?page_id=2201"},"modified":"2023-12-02T10:13:55","modified_gmt":"2023-12-02T10:13:55","slug":"ueber-mich","status":"publish","type":"page","link":"https:\/\/online-guitar-academy.com\/index.php\/ueber-mich\/","title":{"rendered":"\u00dcber mich"},"content":{"rendered":"<div id='av_section_1'  class='avia-section main_color avia-section-no-padding avia-no-border-styling avia-full-stretch avia-bg-style-fixed  avia-builder-el-0  el_before_av_section  avia-builder-el-first   av-minimum-height av-minimum-height-75  container_wrap fullsize' style='background-repeat: no-repeat; background-image: url(https:\/\/online-guitar-academy.com\/wp-content\/uploads\/2020\/03\/Auq36ar2.png);background-attachment: fixed; background-position: top center;  '  data-section-bg-repeat='stretch' data-av_minimum_height_pc='75'><div class='container' ><main  role=\"main\" itemprop=\"mainContentOfPage\"  class='template-page content  av-content-full alpha units'><div class='post-entry post-entry-type-page post-entry-2201'><div class='entry-content-wrapper clearfix'>\n<div class=\"flex_column av_one_full  av-animated-generic top-to-bottom  flex_column_div av-zero-column-padding first  avia-builder-el-1  avia-builder-el-no-sibling  \" style='border-radius:0px; '><p><div  class='avia-image-container  av-styling-no-styling av-hover-grow   avia-builder-el-2  el_before_av_hr  avia-builder-el-first  avia-align-center '  itemprop=\"image\" itemscope=\"itemscope\" itemtype=\"https:\/\/schema.org\/ImageObject\"  ><div class='avia-image-container-inner'><div class='avia-image-overlay-wrap'><img class='avia_image' src='https:\/\/online-guitar-academy.com\/wp-content\/uploads\/2020\/04\/logo_ogasponsoren_5.png' alt='' title='logo_oga+sponsoren_5' height=\"300\" width=\"1200\"  itemprop=\"thumbnailUrl\"  \/><\/div><\/div><\/div><br \/>\n<div  style=' margin-top:100px; margin-bottom:30px;'  class='hr hr-custom hr-center hr-icon-no   avia-builder-el-3  el_after_av_image  avia-builder-el-last '><span class='hr-inner   inner-border-av-border-none' style=' width:50px;' ><span class='hr-inner-style'><\/span><\/span><\/div><\/p><\/div>\n\n<\/div><\/div><\/main><!-- close content main element --><\/div><div class='av-extra-border-element border-extra-diagonal border-extra-diagonal-inverse '><div class='av-extra-border-outer'><div class='av-extra-border-inner'  style='background-color:#ffffff;' ><\/div><\/div><\/div><\/div><div id='av_section_2'  class='avia-section main_color avia-section-default avia-no-border-styling avia-bg-style-scroll  avia-builder-el-4  el_after_av_section  el_before_av_section   container_wrap fullsize' style=' '  ><div class='container' ><div class='template-page content  av-content-full alpha units'><div class='post-entry post-entry-type-page post-entry-2201'><div class='entry-content-wrapper clearfix'>\n<div class=\"flex_column av_three_fifth  flex_column_div av-zero-column-padding first  avia-builder-el-5  el_before_av_two_fifth  avia-builder-el-first  \" style='border-radius:0px; '><div  class='avia-image-container  av-styling-no-styling    avia-builder-el-6  avia-builder-el-no-sibling  avia-align-center '  itemprop=\"image\" itemscope=\"itemscope\" itemtype=\"https:\/\/schema.org\/ImageObject\"  ><div class='avia-image-container-inner'><div class='avia-image-overlay-wrap'><img class='avia_image' src='https:\/\/online-guitar-academy.com\/wp-content\/uploads\/2020\/04\/IMG_3378.jpg' alt='' title='IMG_3378' height=\"1542\" width=\"2048\"  itemprop=\"thumbnailUrl\"  \/><\/div><\/div><\/div><\/div><div class=\"flex_column av_two_fifth  flex_column_div av-zero-column-padding   avia-builder-el-7  el_after_av_three_fifth  avia-builder-el-last  \" style='border-radius:0px; '><section class=\"av_textblock_section \"  itemscope=\"itemscope\" itemtype=\"https:\/\/schema.org\/CreativeWork\" ><div class='avia_textblock  '   itemprop=\"text\" ><h1>Silvio Schneider<\/h1>\n<\/div><\/section><br \/>\n<section class=\"av_textblock_section \"  itemscope=\"itemscope\" itemtype=\"https:\/\/schema.org\/CreativeWork\" ><div class='avia_textblock  '   itemprop=\"text\" ><p>Ich bin Silvio Schneider &#8211; der Gr\u00fcnder der Online Guitar Academy.<\/p>\n<p>Von 1986-91 habe ich in Dresden Jazzgitarre, P\u00e4dagogik und Komposition studiert.<\/p>\n<p>Seitdem habe ich mich verst\u00e4rkt der akustischen Gitarre gewidmet und bin seit 1991 als freischaffender Musiker in verschiedenen Projekten auf der ganzen Welt unterwegs.<\/p>\n<p>Solo, mit der brasilianischen S\u00e4ngerin B\u00ea Ignacio oder fr\u00fcher Nassler &amp; Schneider f\u00fchrten mich \u00fcber 2.500 Konzerte und Workshops bisher in die Schweiz, nach \u00d6sterreich, Italien, Ungarn, die Tschechische Republik, Polen, Frankreich, Spanien, Luxemburg, Belgien, Holland, Schweden, nach Russland, Mazedonien, in die T\u00fcrkei, den Libanon, Madagaskar, Mauritius, die USA, Mexiko, Kuba, Kanada, entlang der westafrikanischen K\u00fcste und bis nach Japan.<\/p>\n<\/div><\/section><\/p><\/div>\n\n<\/div><\/div><\/div><!-- close content main div --><\/div><\/div><div id='av_section_3'  class='avia-section header_color avia-section-large avia-no-border-styling av-parallax-section avia-bg-style-parallax  avia-builder-el-10  el_after_av_section  el_before_av_section   av-minimum-height av-minimum-height-30  container_wrap fullsize' style=' '  data-section-bg-repeat='no-repeat' data-av_minimum_height_pc='30'><div class='av-parallax' data-avia-parallax-ratio='0.3' ><div class='av-parallax-inner header_color  avia-full-stretch' style = 'background-repeat: no-repeat; background-image: url(https:\/\/online-guitar-academy.com\/wp-content\/uploads\/2020\/03\/back_header_tuerkis-2.jpg);background-attachment: scroll; background-position: center center; ' ><\/div><\/div><div class='container' ><div class='template-page content  av-content-full alpha units'><div class='post-entry post-entry-type-page post-entry-2201'><div class='entry-content-wrapper clearfix'>\n<div class=\"flex_column av_three_fifth  flex_column_div av-zero-column-padding first  avia-builder-el-11  el_before_av_two_fifth  avia-builder-el-first  \" style='border-radius:0px; '><section class=\"av_textblock_section \"  itemscope=\"itemscope\" itemtype=\"https:\/\/schema.org\/CreativeWork\" ><div class='avia_textblock  '   itemprop=\"text\" ><p>Seit rund 20 Jahren widme ich mich auch in <strong>Workshops dem Thema \u201eAcoustic Guitar\u201c<\/strong>. So organisiere ich u.a. allj\u00e4hrlich einen \u201eWinter-Workshop am Meer\u201c, das \u201e<a href=\"https:\/\/online-guitar-academy.com\/index.php\/mallorca-camps\/\">Mallorca Guitar Camp<\/a>\u201c, habe f\u00fcr die \u201eMediterranean Music School\u201c sowie die &#8222;Acoustic Music School&#8220; in S\u00fcdfrankreich und Italien gearbeitet und ver\u00f6ffentliche regelm\u00e4\u00dfig eigene Noten im Verlag \u201eAcoustic Music Books\u201c.<\/p>\n<\/div><\/section><\/div><div class=\"flex_column av_two_fifth  flex_column_div av-zero-column-padding   avia-builder-el-13  el_after_av_three_fifth  el_before_av_hr  \" style='border-radius:0px; '><section class=\"av_textblock_section \"  itemscope=\"itemscope\" itemtype=\"https:\/\/schema.org\/CreativeWork\" ><div class='avia_textblock  '   itemprop=\"text\" ><p>Ich ver\u00f6ffentlichte bisher <strong>6 CDs<\/strong> und arbeitete als Gast mit vielen Musikern zusammen, wie z. B. Nippy Noya (Percussion) oder Dominic Miller (Gitarrist von Sting). 2018 gewann ich den <strong>\u201eDeutschen Rock- und Pop-Preis\u201c<\/strong> in der Kategorie <strong>\u201eBester Gitarrist\u201c<\/strong>.<\/p>\n<\/div><\/section><\/div><div  style=' margin-top:80px; margin-bottom:30px;'  class='hr hr-custom hr-center hr-icon-no   avia-builder-el-15  el_after_av_two_fifth  avia-builder-el-last '><span class='hr-inner   inner-border-av-border-none' style=' width:50px;' ><span class='hr-inner-style'><\/span><\/span><\/div>\n\n<\/div><\/div><\/div><!-- close content main div --><\/div><div class='av-extra-border-element border-extra-diagonal border-extra-diagonal-inverse '><div class='av-extra-border-outer'><div class='av-extra-border-inner'  style='background-color:#f8f8f8;' ><\/div><\/div><\/div><\/div><div id='av_section_4'  class='avia-section alternate_color avia-section-small avia-no-border-styling avia-bg-style-scroll  avia-builder-el-16  el_after_av_section  el_before_av_section   container_wrap fullsize' style=' '  ><div class='container' ><div class='template-page content  av-content-full alpha units'><div class='post-entry post-entry-type-page post-entry-2201'><div class='entry-content-wrapper clearfix'>\n<div class=\"flex_column av_three_fifth  flex_column_div av-zero-column-padding first  avia-builder-el-17  el_before_av_two_fifth  avia-builder-el-first  \" style='border-radius:0px; '><div class=\"avia-video avia-video-16-9   av-lazyload-immediate  av-lazyload-video-embed  \" style=\"\" itemprop=\"video\" itemtype=\"https:\/\/schema.org\/VideoObject\" data-original_url=\"https:\/\/www.youtube.com\/watch?v=iEZtrohJTbE\"><div class=\"BorlabsCookie _brlbs-cb-youtube\"><div class=\"_brlbs-content-blocker\"> <div class=\"_brlbs-embed _brlbs-video-youtube\"> <img class=\"_brlbs-thumbnail\" src=\"https:\/\/online-guitar-academy.com\/wp-content\/plugins\/borlabs-cookie\/assets\/images\/cb-no-thumbnail.png\" alt=\"YouTube\"> <div class=\"_brlbs-caption\"> <p>Mit dem Laden des Videos akzeptieren Sie die Datenschutzerkl\u00e4rung von YouTube.<br><a href=\"https:\/\/policies.google.com\/privacy\" target=\"_blank\" rel=\"nofollow noopener noreferrer\">Mehr erfahren<\/a><\/p> <p><a class=\"_brlbs-btn _brlbs-icon-play-white\" href=\"#\" data-borlabs-cookie-unblock role=\"button\">Video laden<\/a><\/p> <p><label><input type=\"checkbox\" name=\"unblockAll\" value=\"1\" checked> <small>YouTube immer entsperren<\/small><\/label><\/p> <\/div> <\/div> <\/div><div class=\"borlabs-hide\" data-borlabs-cookie-type=\"content-blocker\" data-borlabs-cookie-id=\"youtube\"><script type=\"text\/template\">PGRpdiBjbGFzcz0nYXZpYS1pZnJhbWUtd3JhcCc+PGlmcmFtZSB0aXRsZT0iRGVyIGFrdHVlbGxlIFByb2dyYW1tLVRyYWlsZXIgJnF1b3Q7UEFTU0lPTlMmcXVvdDsiIHdpZHRoPSIxNTAwIiBoZWlnaHQ9Ijg0NCIgc3JjPSJodHRwczovL3d3dy55b3V0dWJlLW5vY29va2llLmNvbS9lbWJlZC9pRVp0cm9oSlRiRT9mZWF0dXJlPW9lbWJlZCIgZnJhbWVib3JkZXI9IjAiIGFsbG93PSJhY2NlbGVyb21ldGVyOyBhdXRvcGxheTsgY2xpcGJvYXJkLXdyaXRlOyBlbmNyeXB0ZWQtbWVkaWE7IGd5cm9zY29wZTsgcGljdHVyZS1pbi1waWN0dXJlOyB3ZWItc2hhcmUiIGFsbG93ZnVsbHNjcmVlbj48L2lmcmFtZT48L2Rpdj4=<\/script><\/div><\/div><\/div><\/div><div class=\"flex_column av_two_fifth  flex_column_div avia-link-column av-column-link avia-link-column-hover   avia-builder-el-19  el_after_av_three_fifth  el_before_av_two_fifth  \" style='background: #2faaae; padding:20px; background-color:#2faaae; border-radius:0px; ' data-link-column-url=\"https:\/\/www.youtube.com\/channel\/UCla3LWWAQLkPtcqupAaQVXg?sub_confirmation=1\"  data-link-column-target=\"_blank\" ><a class=\"av-screen-reader-only\" href=\"https:\/\/www.youtube.com\/channel\/UCla3LWWAQLkPtcqupAaQVXg?sub_confirmation=1\" target=\"_blank\" rel=\"noopener\">Folgen Sie einem manuell hinzugef\u00fcgten Link<\/a><article  class=\"iconbox iconbox_left    avia-builder-el-20  avia-builder-el-no-sibling  \"  itemscope=\"itemscope\" itemtype=\"https:\/\/schema.org\/CreativeWork\" ><div class=\"iconbox_content\"><header class=\"entry-content-header\"><div class=\"iconbox_icon heading-color \" aria-hidden='true' data-av_icon='\ue921' data-av_iconfont='entypo-fontello'  style='color:#ffffff; ' ><\/div><h3 class='iconbox_content_title  '  itemprop=\"headline\"   style='color:#ffffff; '><a href='https:\/\/www.youtube.com\/channel\/UCla3LWWAQLkPtcqupAaQVXg?sub_confirmation=1' title='Mein YouTube-Channel' target=\"_blank\" rel=\"noopener\">Mein YouTube-Channel<\/a><\/h3><\/header><div class='iconbox_content_container av_inherit_color '  itemprop=\"text\"   style='color:#ffffff; '><p>Hier kannst du meinen YouTube-Channel abonnieren.<\/p>\n<\/div><\/div><footer class=\"entry-footer\"><\/footer><\/article><\/div><div class=\"flex_column av_two_fifth  flex_column_div av-zero-column-padding   avia-builder-el-21  el_after_av_two_fifth  el_before_av_three_fifth  \" style='border-radius:0px; '><div   data-autoplay='1'  data-interval='5'  data-animation='fade'  data-hoverpause='1'  class='avia-testimonial-wrapper avia-slider-testimonials avia-slider-2-testimonials avia_animate_when_almost_visible   '>\n<section class ='avia-testimonial-row'><div class='avia-testimonial av_one_half flex_column no_margin avia-testimonial-row-1 avia-first-testimonial'  itemscope=\"itemscope\" itemtype=\"https:\/\/schema.org\/Person\" ><div class='avia-testimonial_inner'><div class='avia-testimonial-content '    itemscope=\"itemscope\" itemtype=\"https:\/\/schema.org\/CreativeWork\" ><p><strong>&#8222;Unglaubliche Fingerfertigkeit, viel Gef\u00fchl und Dynamik!&#8220;<\/strong><\/p>\n<\/div><div class='avia-testimonial-meta'><div class='avia-testimonial-arrow-wrap'><div class='avia-arrow'><\/div><\/div><div class='avia-testimonial-meta-mini'><strong  class='avia-testimonial-name'    itemprop=\"name\" >(Los Angeles Times)<\/strong><\/div><\/div><\/div><\/div>\n<div class='avia-testimonial av_one_half flex_column no_margin avia-testimonial-row-1 '  itemscope=\"itemscope\" itemtype=\"https:\/\/schema.org\/Person\" ><div class='avia-testimonial_inner'><div class='avia-testimonial-content '    itemscope=\"itemscope\" itemtype=\"https:\/\/schema.org\/CreativeWork\" ><p><strong>&#8222;Eine sinnliche Ode an das Leben &#8211; erfrischend und bunt!&#8220;<\/strong><\/p>\n<\/div><div class='avia-testimonial-meta'><div class='avia-testimonial-arrow-wrap'><div class='avia-arrow'><\/div><\/div><div class='avia-testimonial-meta-mini'><strong  class='avia-testimonial-name'    itemprop=\"name\" >(L\u2019Orient le jour, Beirut)<\/strong><\/div><\/div><\/div><\/div>\n<div class='avia-testimonial av_one_half flex_column no_margin avia-testimonial-row-1 '  itemscope=\"itemscope\" itemtype=\"https:\/\/schema.org\/Person\" ><div class='avia-testimonial_inner'><div class='avia-testimonial-content '    itemscope=\"itemscope\" itemtype=\"https:\/\/schema.org\/CreativeWork\" ><p><strong>&#8222;You&#8217;re a really gifted musician!&#8220;<\/strong><\/p>\n<\/div><div class='avia-testimonial-meta'><div class='avia-testimonial-arrow-wrap'><div class='avia-arrow'><\/div><\/div><div class='avia-testimonial-meta-mini'><strong  class='avia-testimonial-name'    itemprop=\"name\" >(Dominic Miller, Gitarrist Sting)<\/strong><\/div><\/div><\/div><\/div>\n<\/section><\/div><\/div><div class=\"flex_column av_three_fifth  flex_column_div av-zero-column-padding first  avia-builder-el-23  el_after_av_two_fifth  el_before_av_hr  \" style='border-radius:0px; '><\/div><div  style=' margin-top:80px; margin-bottom:30px;'  class='hr hr-custom hr-center hr-icon-no   avia-builder-el-24  el_after_av_three_fifth  avia-builder-el-last '><span class='hr-inner   inner-border-av-border-none' style=' width:50px;' ><span class='hr-inner-style'><\/span><\/span><\/div>\n<\/div><\/div><\/div><!-- close content main div --><\/div><div class='av-extra-border-element border-extra-diagonal border-extra-diagonal-inverse '><div class='av-extra-border-outer'><div class='av-extra-border-inner'  style='background-color:#ffffff;' ><\/div><\/div><\/div><\/div><div id='av_section_5'  class='avia-section main_color avia-section-no-padding avia-no-border-styling avia-bg-style-scroll  avia-builder-el-25  el_after_av_section  avia-builder-el-last   av-minimum-height av-minimum-height-custom  container_wrap fullsize' style=' '  ><div class='container' style='height:1px'><div class='template-page content  av-content-full alpha units'><div class='post-entry post-entry-type-page post-entry-2201'><div class='entry-content-wrapper clearfix'><\/p>\n","protected":false},"excerpt":{"rendered":"","protected":false},"author":2,"featured_media":0,"parent":0,"menu_order":0,"comment_status":"closed","ping_status":"closed","template":"","meta":[],"yoast_head":"<!-- This site is optimized with the Yoast SEO plugin v19.4 - https:\/\/yoast.com\/wordpress\/plugins\/seo\/ -->\n<title>\u00dcber mich - Online Guitar Academy<\/title>\n<meta name=\"robots\" content=\"index, follow, max-snippet:-1, max-image-preview:large, max-video-preview:-1\" \/>\n<link rel=\"canonical\" href=\"https:\/\/online-guitar-academy.com\/index.php\/ueber-mich\/\" \/>\n<meta property=\"og:locale\" content=\"de_DE\" \/>\n<meta property=\"og:type\" content=\"article\" \/>\n<meta property=\"og:title\" content=\"\u00dcber mich - Online Guitar Academy\" \/>\n<meta property=\"og:url\" content=\"https:\/\/online-guitar-academy.com\/index.php\/ueber-mich\/\" \/>\n<meta property=\"og:site_name\" content=\"Online Guitar Academy\" \/>\n<meta property=\"article:modified_time\" content=\"2023-12-02T10:13:55+00:00\" \/>\n<meta name=\"twitter:card\" content=\"summary_large_image\" \/>\n<meta name=\"twitter:label1\" content=\"Gesch\u00e4tzte Lesezeit\" \/>\n\t<meta name=\"twitter:data1\" content=\"6\u00a0Minuten\" \/>\n<script type=\"application\/ld+json\" class=\"yoast-schema-graph\">{\"@context\":\"https:\/\/schema.org\",\"@graph\":[{\"@type\":\"WebSite\",\"@id\":\"https:\/\/online-guitar-academy.com\/#website\",\"url\":\"https:\/\/online-guitar-academy.com\/\",\"name\":\"Online Guitar Academy\",\"description\":\"Gitarrenkurse, Notenhefte, Videos, Guitar Camps\",\"potentialAction\":[{\"@type\":\"SearchAction\",\"target\":{\"@type\":\"EntryPoint\",\"urlTemplate\":\"https:\/\/online-guitar-academy.com\/?s={search_term_string}\"},\"query-input\":\"required name=search_term_string\"}],\"inLanguage\":\"de\"},{\"@type\":\"WebPage\",\"@id\":\"https:\/\/online-guitar-academy.com\/index.php\/ueber-mich\/\",\"url\":\"https:\/\/online-guitar-academy.com\/index.php\/ueber-mich\/\",\"name\":\"\u00dcber mich - Online Guitar Academy\",\"isPartOf\":{\"@id\":\"https:\/\/online-guitar-academy.com\/#website\"},\"datePublished\":\"2020-03-31T08:56:47+00:00\",\"dateModified\":\"2023-12-02T10:13:55+00:00\",\"breadcrumb\":{\"@id\":\"https:\/\/online-guitar-academy.com\/index.php\/ueber-mich\/#breadcrumb\"},\"inLanguage\":\"de\",\"potentialAction\":[{\"@type\":\"ReadAction\",\"target\":[\"https:\/\/online-guitar-academy.com\/index.php\/ueber-mich\/\"]}]},{\"@type\":\"BreadcrumbList\",\"@id\":\"https:\/\/online-guitar-academy.com\/index.php\/ueber-mich\/#breadcrumb\",\"itemListElement\":[{\"@type\":\"ListItem\",\"position\":1,\"name\":\"Home\",\"item\":\"https:\/\/online-guitar-academy.com\/\"},{\"@type\":\"ListItem\",\"position\":2,\"name\":\"\u00dcber mich\"}]}]}<\/script>\n<!-- \/ Yoast SEO plugin. -->","yoast_head_json":{"title":"\u00dcber mich - Online Guitar Academy","robots":{"index":"index","follow":"follow","max-snippet":"max-snippet:-1","max-image-preview":"max-image-preview:large","max-video-preview":"max-video-preview:-1"},"canonical":"https:\/\/online-guitar-academy.com\/index.php\/ueber-mich\/","og_locale":"de_DE","og_type":"article","og_title":"\u00dcber mich - Online Guitar Academy","og_url":"https:\/\/online-guitar-academy.com\/index.php\/ueber-mich\/","og_site_name":"Online Guitar Academy","article_modified_time":"2023-12-02T10:13:55+00:00","twitter_card":"summary_large_image","twitter_misc":{"Gesch\u00e4tzte Lesezeit":"6\u00a0Minuten"},"schema":{"@context":"https:\/\/schema.org","@graph":[{"@type":"WebSite","@id":"https:\/\/online-guitar-academy.com\/#website","url":"https:\/\/online-guitar-academy.com\/","name":"Online Guitar Academy","description":"Gitarrenkurse, Notenhefte, Videos, Guitar Camps","potentialAction":[{"@type":"SearchAction","target":{"@type":"EntryPoint","urlTemplate":"https:\/\/online-guitar-academy.com\/?s={search_term_string}"},"query-input":"required name=search_term_string"}],"inLanguage":"de"},{"@type":"WebPage","@id":"https:\/\/online-guitar-academy.com\/index.php\/ueber-mich\/","url":"https:\/\/online-guitar-academy.com\/index.php\/ueber-mich\/","name":"\u00dcber mich - Online Guitar Academy","isPartOf":{"@id":"https:\/\/online-guitar-academy.com\/#website"},"datePublished":"2020-03-31T08:56:47+00:00","dateModified":"2023-12-02T10:13:55+00:00","breadcrumb":{"@id":"https:\/\/online-guitar-academy.com\/index.php\/ueber-mich\/#breadcrumb"},"inLanguage":"de","potentialAction":[{"@type":"ReadAction","target":["https:\/\/online-guitar-academy.com\/index.php\/ueber-mich\/"]}]},{"@type":"BreadcrumbList","@id":"https:\/\/online-guitar-academy.com\/index.php\/ueber-mich\/#breadcrumb","itemListElement":[{"@type":"ListItem","position":1,"name":"Home","item":"https:\/\/online-guitar-academy.com\/"},{"@type":"ListItem","position":2,"name":"\u00dcber mich"}]}]}},"_links":{"self":[{"href":"https:\/\/online-guitar-academy.com\/index.php\/wp-json\/wp\/v2\/pages\/2201"}],"collection":[{"href":"https:\/\/online-guitar-academy.com\/index.php\/wp-json\/wp\/v2\/pages"}],"about":[{"href":"https:\/\/online-guitar-academy.com\/index.php\/wp-json\/wp\/v2\/types\/page"}],"author":[{"embeddable":true,"href":"https:\/\/online-guitar-academy.com\/index.php\/wp-json\/wp\/v2\/users\/2"}],"replies":[{"embeddable":true,"href":"https:\/\/online-guitar-academy.com\/index.php\/wp-json\/wp\/v2\/comments?post=2201"}],"version-history":[{"count":39,"href":"https:\/\/online-guitar-academy.com\/index.php\/wp-json\/wp\/v2\/pages\/2201\/revisions"}],"predecessor-version":[{"id":6163,"href":"https:\/\/online-guitar-academy.com\/index.php\/wp-json\/wp\/v2\/pages\/2201\/revisions\/6163"}],"wp:attachment":[{"href":"https:\/\/online-guitar-academy.com\/index.php\/wp-json\/wp\/v2\/media?parent=2201"}],"curies":[{"name":"wp","href":"https:\/\/api.w.org\/{rel}","templated":true}]}}