{"id":2149,"date":"2020-03-30T13:23:54","date_gmt":"2020-03-30T13:23:54","guid":{"rendered":"https:\/\/online-guitar-academy.com\/?page_id=2149"},"modified":"2020-07-04T09:15:21","modified_gmt":"2020-07-04T09:15:21","slug":"home","status":"publish","type":"page","link":"https:\/\/online-guitar-academy.com\/","title":{"rendered":"Home"},"content":{"rendered":"<div id='av_section_1'  class='avia-section main_color avia-section-no-padding avia-no-border-styling avia-full-stretch avia-bg-style-fixed  avia-builder-el-0  el_before_av_section  avia-builder-el-first   av-minimum-height av-minimum-height-75  container_wrap fullsize' style='background-repeat: no-repeat; background-image: url(https:\/\/online-guitar-academy.com\/wp-content\/uploads\/2020\/03\/Auq36ar2.png);background-attachment: fixed; background-position: top center;  '  data-section-bg-repeat='stretch' data-av_minimum_height_pc='75'><div class='container' ><main  role=\"main\" itemprop=\"mainContentOfPage\"  class='template-page content  av-content-full alpha units'><div class='post-entry post-entry-type-page post-entry-2149'><div class='entry-content-wrapper clearfix'>\n<div class=\"flex_column av_one_full  av-animated-generic top-to-bottom  flex_column_div av-zero-column-padding first  avia-builder-el-1  avia-builder-el-no-sibling  \" style='border-radius:0px; '><p><div  class='avia-image-container  av-styling-no-styling av-hover-grow   avia-builder-el-2  el_before_av_hr  avia-builder-el-first  avia-align-center '  itemprop=\"image\" itemscope=\"itemscope\" itemtype=\"https:\/\/schema.org\/ImageObject\"  ><div class='avia-image-container-inner'><div class='avia-image-overlay-wrap'><img class='avia_image' src='https:\/\/online-guitar-academy.com\/wp-content\/uploads\/2020\/04\/logo_ogasponsoren_5.png' alt='' title='logo_oga+sponsoren_5' height=\"300\" width=\"1200\"  itemprop=\"thumbnailUrl\"  \/><\/div><\/div><\/div><br \/>\n<div  style=' margin-top:100px; margin-bottom:30px;'  class='hr hr-custom hr-center hr-icon-no   avia-builder-el-3  el_after_av_image  avia-builder-el-last '><span class='hr-inner   inner-border-av-border-none' style=' width:50px;' ><span class='hr-inner-style'><\/span><\/span><\/div><\/p><\/div>\n\n<\/div><\/div><\/main><!-- close content main element --><\/div><div class='av-extra-border-element border-extra-diagonal border-extra-diagonal-inverse '><div class='av-extra-border-outer'><div class='av-extra-border-inner'  style='background-color:#ffffff;' ><\/div><\/div><\/div><\/div><div id='av_section_2'  class='avia-section main_color avia-section-large avia-no-border-styling avia-bg-style-scroll  avia-builder-el-4  el_after_av_section  el_before_av_section   container_wrap fullsize' style=' '  ><div class='container' ><div class='template-page content  av-content-full alpha units'><div class='post-entry post-entry-type-page post-entry-2149'><div class='entry-content-wrapper clearfix'>\n<div class=\"flex_column av_three_fifth  flex_column_div av-zero-column-padding first  avia-builder-el-5  el_before_av_two_fifth  avia-builder-el-first  \" style='border-radius:0px; '><section class=\"av_textblock_section \"  itemscope=\"itemscope\" itemtype=\"https:\/\/schema.org\/CreativeWork\" ><div class='avia_textblock  '   itemprop=\"text\" ><h1>Gitarre online lernen<\/h1>\n<\/div><\/section><br \/>\n<section class=\"av_textblock_section \"  itemscope=\"itemscope\" itemtype=\"https:\/\/schema.org\/CreativeWork\" ><div class='avia_textblock  '   itemprop=\"text\" ><p>Auf den Seiten der ONLINE GUITAR ACADEMY\u00a0findest du geb\u00fcndelte Lehr-Angebote speziell f\u00fcr akustische Gitarre. Neben Videos und Online-Kursen geh\u00f6ren auch Noten, Notenhefte und Unterricht per Skype zu unserem vielsaiten Angebot.<\/p>\n<p>Unser <a href=\"https:\/\/online-guitar-academy.com\/index.php\/newsletter\/\"><strong>Newsletter<\/strong><\/a> ist das ultimative Tool, wenn du deine Gitarrentechnik verbessern m\u00f6chtest. Melde dich <b><a href=\"https:\/\/online-guitar-academy.com\/index.php\/newsletter\/\" rel=\"noopener\">hier<\/a> <\/b>an und erhalte regelm\u00e4\u00dfig Tipps und Anregungen, Aufgaben und Videos zur Verbesserung deiner Spielweise, zum Aufstellen eines individuellen \u00dcbeplans, exklusive Rhythmus- und Groove-Secrets, \u00dcbungen u.v.m.<\/p>\n<p>Von Zeit zu Zeit werden Videos von anderen Gitarristen ver\u00f6ffentlicht, die uns ihre Herangehensweise an Musik, Technik und Gitarre vorstellen werden.<\/p>\n<p>Des Weiteren z\u00e4hlen aber auch Seminare vor Ort zu unseren Hauptaktivit\u00e4ten, vor allem die mehrmals im Jahr stattfindenden <a href=\"https:\/\/online-guitar-academy.com\/index.php\/mallorca-camps\/\"><strong>Mallorca Guitar Camps<\/strong><\/a>.<\/p>\n<p>St\u00f6ber&#8216; jetzt gern in aller Ruhe \u00fcber unsere Seite! Wir freuen uns auf einen regen Austausch mit dir! Keep groovin&#8216;!<\/p>\n<\/div><\/section><\/p><\/div><div class=\"flex_column av_two_fifth  flex_column_div av-zero-column-padding   avia-builder-el-8  el_after_av_three_fifth  avia-builder-el-last  \" style='border-radius:0px; '><div  class='avia-image-container  av-styling-    avia-builder-el-9  avia-builder-el-no-sibling  avia-align-center '  itemprop=\"image\" itemscope=\"itemscope\" itemtype=\"https:\/\/schema.org\/ImageObject\"  ><div class='avia-image-container-inner'><div class='avia-image-overlay-wrap'><img class='avia_image' src='https:\/\/online-guitar-academy.com\/wp-content\/uploads\/2020\/04\/IMG_3417.jpg' alt='' title='IMG_3417' height=\"1768\" width=\"1428\"  itemprop=\"thumbnailUrl\"  \/><\/div><\/div><\/div><\/div><\/div><\/div><\/div><!-- close content main div --><\/div><div class='av-extra-border-element border-extra-diagonal border-extra-diagonal-inverse '><div class='av-extra-border-outer'><div class='av-extra-border-inner'  style='background-color:#f8f8f8;' ><\/div><\/div><\/div><\/div><div id='av_section_3'  class='avia-section alternate_color avia-section-large avia-no-border-styling avia-bg-style-scroll  avia-builder-el-10  el_after_av_section  el_before_av_section   av-minimum-height av-minimum-height-50  container_wrap fullsize' style=' '   data-av_minimum_height_pc='50'><div class='container' ><div class='template-page content  av-content-full alpha units'><div class='post-entry post-entry-type-page post-entry-2149'><div class='entry-content-wrapper clearfix'>\n<div class=\"flex_column av_three_fifth  flex_column_div av-zero-column-padding first  avia-builder-el-11  el_before_av_two_fifth  avia-builder-el-first  \" style='border-radius:0px; '><div class=\"avia-video avia-video-16-9   av-lazyload-immediate  av-lazyload-video-embed  \" style=\"\" itemprop=\"video\" itemtype=\"https:\/\/schema.org\/VideoObject\" data-original_url=\"https:\/\/www.youtube.com\/watch?v=6n1AnYi_8Sg\"><div class=\"BorlabsCookie _brlbs-cb-youtube\"><div class=\"_brlbs-content-blocker\"> <div class=\"_brlbs-embed _brlbs-video-youtube\"> <img class=\"_brlbs-thumbnail\" src=\"https:\/\/online-guitar-academy.com\/wp-content\/plugins\/borlabs-cookie\/assets\/images\/cb-no-thumbnail.png\" alt=\"YouTube\"> <div class=\"_brlbs-caption\"> <p>Mit dem Laden des Videos akzeptieren Sie die Datenschutzerkl\u00e4rung von YouTube.<br><a href=\"https:\/\/policies.google.com\/privacy\" target=\"_blank\" rel=\"nofollow noopener noreferrer\">Mehr erfahren<\/a><\/p> <p><a class=\"_brlbs-btn _brlbs-icon-play-white\" href=\"#\" data-borlabs-cookie-unblock role=\"button\">Video laden<\/a><\/p> <p><label><input type=\"checkbox\" name=\"unblockAll\" value=\"1\" checked> <small>YouTube immer entsperren<\/small><\/label><\/p> <\/div> <\/div> <\/div><div class=\"borlabs-hide\" data-borlabs-cookie-type=\"content-blocker\" data-borlabs-cookie-id=\"youtube\"><script type=\"text\/template\">PGRpdiBjbGFzcz0nYXZpYS1pZnJhbWUtd3JhcCc+PGlmcmFtZSB0aXRsZT0iV2FzIGlzdCBkaWUgT25saW5lIEd1aXRhciBBY2FkZW15PyIgd2lkdGg9IjE1MDAiIGhlaWdodD0iODQ0IiBzcmM9Imh0dHBzOi8vd3d3LnlvdXR1YmUtbm9jb29raWUuY29tL2VtYmVkLzZuMUFuWWlfOFNnP2ZlYXR1cmU9b2VtYmVkIiBmcmFtZWJvcmRlcj0iMCIgYWxsb3c9ImFjY2VsZXJvbWV0ZXI7IGF1dG9wbGF5OyBlbmNyeXB0ZWQtbWVkaWE7IGd5cm9zY29wZTsgcGljdHVyZS1pbi1waWN0dXJlIiBhbGxvd2Z1bGxzY3JlZW4+PC9pZnJhbWU+PC9kaXY+<\/script><\/div><\/div><\/div><\/div><div class=\"flex_column av_two_fifth  flex_column_div av-zero-column-padding   avia-builder-el-13  el_after_av_three_fifth  el_before_av_hr  \" style='border-radius:0px; '><section class=\"av_textblock_section \"  itemscope=\"itemscope\" itemtype=\"https:\/\/schema.org\/CreativeWork\" ><div class='avia_textblock  av_inherit_color '  style='color:#000000; '  itemprop=\"text\" ><h3><strong>Melde dich jetzt gleich f\u00fcr den Newsletter an<\/strong><\/h3>\n<p>und erhalte w\u00f6chentliche Tipps, Anregungen und Videos zur Verbesserung deiner Technik und Spielweise, zum Aufstellen eines individuellen \u00dcbeplans, exklusive Rhythmus- und Groove-Secrets, \u00dcbungen u.v.m.<\/p>\n<\/div><\/section><br \/>\n<\/p><\/div><div  style=' margin-top:30px; margin-bottom:30px;'  class='hr hr-custom hr-center hr-icon-no   avia-builder-el-16  el_after_av_two_fifth  avia-builder-el-last '><span class='hr-inner   inner-border-av-border-none' style=' width:50px;' ><span class='hr-inner-style'><\/span><\/span><\/div>\n<\/p>\n<\/div><\/div><\/div><!-- close content main div --><\/div><div class='av-extra-border-element border-extra-diagonal border-extra-diagonal-inverse '><div class='av-extra-border-outer'><div class='av-extra-border-inner'  style='background-color:#ffffff;' ><\/div><\/div><\/div><\/div><div id='av_section_4'  class='avia-section main_color avia-section-no-padding avia-no-border-styling avia-bg-style-scroll  avia-builder-el-17  el_after_av_section  avia-builder-el-last   av-minimum-height av-minimum-height-custom  container_wrap fullsize' style=' '  ><div class='container' style='height:1px'><div class='template-page content  av-content-full alpha units'><div class='post-entry post-entry-type-page post-entry-2149'><div class='entry-content-wrapper clearfix'>\n","protected":false},"excerpt":{"rendered":"","protected":false},"author":2,"featured_media":0,"parent":0,"menu_order":0,"comment_status":"closed","ping_status":"closed","template":"","meta":[],"yoast_head":"<!-- This site is optimized with the Yoast SEO plugin v19.4 - https:\/\/yoast.com\/wordpress\/plugins\/seo\/ -->\n<title>Online Gitarre lernen von den Profis<\/title>\n<meta name=\"description\" content=\"Tipps und Tricks, kostenlose Online-Videos sowie Workshops rund um die akustische Gitarre. Pr\u00e4sentiert von ORTEGA GUITARS, D&#039;ADDARIO und Silvio Schneider.\" \/>\n<meta name=\"robots\" content=\"index, follow, max-snippet:-1, max-image-preview:large, max-video-preview:-1\" \/>\n<link rel=\"canonical\" href=\"https:\/\/online-guitar-academy.com\/\" \/>\n<meta property=\"og:locale\" content=\"de_DE\" \/>\n<meta property=\"og:type\" content=\"article\" \/>\n<meta property=\"og:title\" content=\"Online Gitarre lernen von den Profis\" \/>\n<meta property=\"og:description\" content=\"Tipps und Tricks, kostenlose Online-Videos sowie Workshops rund um die akustische Gitarre. Pr\u00e4sentiert von ORTEGA GUITARS, D&#039;ADDARIO und Silvio Schneider.\" \/>\n<meta property=\"og:url\" content=\"https:\/\/online-guitar-academy.com\/\" \/>\n<meta property=\"og:site_name\" content=\"Online Guitar Academy\" \/>\n<meta property=\"article:modified_time\" content=\"2020-07-04T09:15:21+00:00\" \/>\n<meta name=\"twitter:card\" content=\"summary_large_image\" \/>\n<meta name=\"twitter:label1\" content=\"Gesch\u00e4tzte Lesezeit\" \/>\n\t<meta name=\"twitter:data1\" content=\"8\u00a0Minuten\" \/>\n<script type=\"application\/ld+json\" class=\"yoast-schema-graph\">{\"@context\":\"https:\/\/schema.org\",\"@graph\":[{\"@type\":\"WebSite\",\"@id\":\"https:\/\/online-guitar-academy.com\/#website\",\"url\":\"https:\/\/online-guitar-academy.com\/\",\"name\":\"Online Guitar Academy\",\"description\":\"Gitarrenkurse, Notenhefte, Videos, Guitar Camps\",\"potentialAction\":[{\"@type\":\"SearchAction\",\"target\":{\"@type\":\"EntryPoint\",\"urlTemplate\":\"https:\/\/online-guitar-academy.com\/?s={search_term_string}\"},\"query-input\":\"required name=search_term_string\"}],\"inLanguage\":\"de\"},{\"@type\":\"WebPage\",\"@id\":\"https:\/\/online-guitar-academy.com\/\",\"url\":\"https:\/\/online-guitar-academy.com\/\",\"name\":\"Online Gitarre lernen von den Profis\",\"isPartOf\":{\"@id\":\"https:\/\/online-guitar-academy.com\/#website\"},\"datePublished\":\"2020-03-30T13:23:54+00:00\",\"dateModified\":\"2020-07-04T09:15:21+00:00\",\"description\":\"Tipps und Tricks, kostenlose Online-Videos sowie Workshops rund um die akustische Gitarre. Pr\u00e4sentiert von ORTEGA GUITARS, D'ADDARIO und Silvio Schneider.\",\"breadcrumb\":{\"@id\":\"https:\/\/online-guitar-academy.com\/#breadcrumb\"},\"inLanguage\":\"de\",\"potentialAction\":[{\"@type\":\"ReadAction\",\"target\":[\"https:\/\/online-guitar-academy.com\/\"]}]},{\"@type\":\"BreadcrumbList\",\"@id\":\"https:\/\/online-guitar-academy.com\/#breadcrumb\",\"itemListElement\":[{\"@type\":\"ListItem\",\"position\":1,\"name\":\"Home\",\"item\":\"https:\/\/online-guitar-academy.com\/\"},{\"@type\":\"ListItem\",\"position\":2,\"name\":\"Home\"}]}]}<\/script>\n<!-- \/ Yoast SEO plugin. -->","yoast_head_json":{"title":"Online Gitarre lernen von den Profis","description":"Tipps und Tricks, kostenlose Online-Videos sowie Workshops rund um die akustische Gitarre. Pr\u00e4sentiert von ORTEGA GUITARS, D'ADDARIO und Silvio Schneider.","robots":{"index":"index","follow":"follow","max-snippet":"max-snippet:-1","max-image-preview":"max-image-preview:large","max-video-preview":"max-video-preview:-1"},"canonical":"https:\/\/online-guitar-academy.com\/","og_locale":"de_DE","og_type":"article","og_title":"Online Gitarre lernen von den Profis","og_description":"Tipps und Tricks, kostenlose Online-Videos sowie Workshops rund um die akustische Gitarre. Pr\u00e4sentiert von ORTEGA GUITARS, D'ADDARIO und Silvio Schneider.","og_url":"https:\/\/online-guitar-academy.com\/","og_site_name":"Online Guitar Academy","article_modified_time":"2020-07-04T09:15:21+00:00","twitter_card":"summary_large_image","twitter_misc":{"Gesch\u00e4tzte Lesezeit":"8\u00a0Minuten"},"schema":{"@context":"https:\/\/schema.org","@graph":[{"@type":"WebSite","@id":"https:\/\/online-guitar-academy.com\/#website","url":"https:\/\/online-guitar-academy.com\/","name":"Online Guitar Academy","description":"Gitarrenkurse, Notenhefte, Videos, Guitar Camps","potentialAction":[{"@type":"SearchAction","target":{"@type":"EntryPoint","urlTemplate":"https:\/\/online-guitar-academy.com\/?s={search_term_string}"},"query-input":"required name=search_term_string"}],"inLanguage":"de"},{"@type":"WebPage","@id":"https:\/\/online-guitar-academy.com\/","url":"https:\/\/online-guitar-academy.com\/","name":"Online Gitarre lernen von den Profis","isPartOf":{"@id":"https:\/\/online-guitar-academy.com\/#website"},"datePublished":"2020-03-30T13:23:54+00:00","dateModified":"2020-07-04T09:15:21+00:00","description":"Tipps und Tricks, kostenlose Online-Videos sowie Workshops rund um die akustische Gitarre. Pr\u00e4sentiert von ORTEGA GUITARS, D'ADDARIO und Silvio Schneider.","breadcrumb":{"@id":"https:\/\/online-guitar-academy.com\/#breadcrumb"},"inLanguage":"de","potentialAction":[{"@type":"ReadAction","target":["https:\/\/online-guitar-academy.com\/"]}]},{"@type":"BreadcrumbList","@id":"https:\/\/online-guitar-academy.com\/#breadcrumb","itemListElement":[{"@type":"ListItem","position":1,"name":"Home","item":"https:\/\/online-guitar-academy.com\/"},{"@type":"ListItem","position":2,"name":"Home"}]}]}},"_links":{"self":[{"href":"https:\/\/online-guitar-academy.com\/index.php\/wp-json\/wp\/v2\/pages\/2149"}],"collection":[{"href":"https:\/\/online-guitar-academy.com\/index.php\/wp-json\/wp\/v2\/pages"}],"about":[{"href":"https:\/\/online-guitar-academy.com\/index.php\/wp-json\/wp\/v2\/types\/page"}],"author":[{"embeddable":true,"href":"https:\/\/online-guitar-academy.com\/index.php\/wp-json\/wp\/v2\/users\/2"}],"replies":[{"embeddable":true,"href":"https:\/\/online-guitar-academy.com\/index.php\/wp-json\/wp\/v2\/comments?post=2149"}],"version-history":[{"count":94,"href":"https:\/\/online-guitar-academy.com\/index.php\/wp-json\/wp\/v2\/pages\/2149\/revisions"}],"predecessor-version":[{"id":6188,"href":"https:\/\/online-guitar-academy.com\/index.php\/wp-json\/wp\/v2\/pages\/2149\/revisions\/6188"}],"wp:attachment":[{"href":"https:\/\/online-guitar-academy.com\/index.php\/wp-json\/wp\/v2\/media?parent=2149"}],"curies":[{"name":"wp","href":"https:\/\/api.w.org\/{rel}","templated":true}]}}