{"id":10431,"date":"2026-03-02T14:53:34","date_gmt":"2026-03-02T14:53:34","guid":{"rendered":"https:\/\/online-guitar-academy.com\/?page_id=10431"},"modified":"2026-03-12T07:10:40","modified_gmt":"2026-03-12T07:10:40","slug":"education-circle","status":"publish","type":"page","link":"https:\/\/online-guitar-academy.com\/index.php\/education-circle\/","title":{"rendered":"Education Circle+"},"content":{"rendered":"<div id='av_section_1'  class='avia-section main_color avia-section-no-padding avia-no-border-styling avia-full-stretch avia-bg-style-fixed  avia-builder-el-0  el_before_av_section  avia-builder-el-first   av-minimum-height av-minimum-height-75  container_wrap fullsize' style='background-repeat: no-repeat; background-image: url(https:\/\/online-guitar-academy.com\/wp-content\/uploads\/2020\/03\/Auq36ar2.png);background-attachment: fixed; background-position: top center;  '  data-section-bg-repeat='stretch' data-av_minimum_height_pc='75'><div class='container' ><main  role=\"main\" itemprop=\"mainContentOfPage\"  class='template-page content  av-content-full alpha units'><div class='post-entry post-entry-type-page post-entry-10431'><div class='entry-content-wrapper clearfix'>\n<div class=\"flex_column av_one_full  av-animated-generic top-to-bottom  flex_column_div av-zero-column-padding first  avia-builder-el-1  avia-builder-el-no-sibling  \" style='border-radius:0px; '><p><div  class='avia-image-container  av-styling-no-styling av-hover-grow   avia-builder-el-2  el_before_av_hr  avia-builder-el-first  avia-align-center '  itemprop=\"image\" itemscope=\"itemscope\" itemtype=\"https:\/\/schema.org\/ImageObject\"  ><div class='avia-image-container-inner'><div class='avia-image-overlay-wrap'><img class='avia_image' src='https:\/\/online-guitar-academy.com\/wp-content\/uploads\/2020\/04\/logo_ogasponsoren_5.png' alt='' title='logo_oga+sponsoren_5' height=\"300\" width=\"1200\"  itemprop=\"thumbnailUrl\"  \/><\/div><\/div><\/div><br \/>\n<div  style=' margin-top:100px; margin-bottom:30px;'  class='hr hr-custom hr-center hr-icon-no   avia-builder-el-3  el_after_av_image  avia-builder-el-last '><span class='hr-inner   inner-border-av-border-none' style=' width:50px;' ><span class='hr-inner-style'><\/span><\/span><\/div><\/p><\/div>\n\n<\/div><\/div><\/main><!-- close content main element --><\/div><div class='av-extra-border-element border-extra-diagonal border-extra-diagonal-inverse '><div class='av-extra-border-outer'><div class='av-extra-border-inner'  style='background-color:#ffffff;' ><\/div><\/div><\/div><\/div><div id='av_section_2'  class='avia-section main_color avia-section-default avia-no-border-styling avia-bg-style-scroll  avia-builder-el-4  el_after_av_section  el_before_av_section   container_wrap fullsize' style=' '  ><div class='container' ><div class='template-page content  av-content-full alpha units'><div class='post-entry post-entry-type-page post-entry-10431'><div class='entry-content-wrapper clearfix'>\n<div class=\"flex_column av_one_third  flex_column_div av-zero-column-padding first  avia-builder-el-5  el_before_av_two_third  avia-builder-el-first  \" style='border-radius:0px; '><div  class='avia-image-container  av-styling-    avia-builder-el-6  avia-builder-el-no-sibling  avia-align-center '  itemprop=\"image\" itemscope=\"itemscope\" itemtype=\"https:\/\/schema.org\/ImageObject\"  ><div class='avia-image-container-inner'><div class='avia-image-overlay-wrap'><img class='avia_image' src='https:\/\/online-guitar-academy.com\/wp-content\/uploads\/2020\/03\/Bild-Paket-Silvio-300x300.jpg' alt='' title='Bild-Paket-Silvio' height=\"300\" width=\"300\"  itemprop=\"thumbnailUrl\"  \/><\/div><\/div><\/div><\/div><div class=\"flex_column av_two_third  flex_column_div av-zero-column-padding   avia-builder-el-7  el_after_av_one_third  avia-builder-el-last  \" style='border-radius:0px; '><section class=\"av_textblock_section \"  itemscope=\"itemscope\" itemtype=\"https:\/\/schema.org\/CreativeWork\" ><div class='avia_textblock  '   itemprop=\"text\" ><h1><strong>Schneider Education Circle+<\/strong><\/h1>\n<\/div><\/section><br \/>\n<section class=\"av_textblock_section \"  itemscope=\"itemscope\" itemtype=\"https:\/\/schema.org\/CreativeWork\" ><div class='avia_textblock  '   itemprop=\"text\" ><h4><strong>Das Booster-Programm f\u00fcr deinen Gitarren-Unterricht<\/strong><\/h4>\n<\/div><\/section><br \/>\n<section class=\"av_textblock_section \"  itemscope=\"itemscope\" itemtype=\"https:\/\/schema.org\/CreativeWork\" ><div class='avia_textblock  av_inherit_color '  style='color:#000000; '  itemprop=\"text\" ><p data-start=\"130\" data-end=\"221\">Du bist angestellter oder freier Gitarrenlehrer und suchst neues, frisches und inspirierendes Material f\u00fcr deinen Instrumental-Unterricht? Da hab&#8216; ich vielleicht was f\u00fcr dich!<\/p>\n<p data-start=\"271\" data-end=\"389\">Ab sofort gibt es alle<strong data-start=\"295\" data-end=\"385\"> Online-Kurse, Workbooks und Notenpakete <\/strong>der ONLINE GUITAR ACADEMY f\u00fcr Unterrichtende<strong data-start=\"295\" data-end=\"385\"> mit \u27a1\ufe0f 30 % Education-Rabatt<\/strong>.<\/p>\n<p data-start=\"391\" data-end=\"671\">Ob \u27a1\ufe0f <strong><a href=\"https:\/\/silvios-guitar-store.myshopify.com\/collections\/video-kurse\/products\/harmonielehre-basics-fur-gitarristen-10teilg-online-video-kurs\" target=\"_blank\" rel=\"noopener\">Harmonielehre<\/a> <\/strong>&#8211; leicht erkl\u00e4rt, besseres<strong> \u27a1\ufe0f <a href=\"https:\/\/silvios-guitar-store.myshopify.com\/collections\/video-kurse\/products\/der-ultimative-griffbrett-guide-10teilg-video-kurs\" target=\"_blank\" rel=\"noopener\">Noten- und Griffbrett-Verstehen<\/a><\/strong> mit hei\u00dfem Notenmaterial, coolem \u27a1\ufe0f <a href=\"https:\/\/silvios-guitar-store.myshopify.com\/collections\/video-kurse\/products\/video-kurs-more-than-warming-up-mit-notenheft\" target=\"_blank\" rel=\"noopener\"><strong>Warming Up und Technik-Verbessern<\/strong><\/a>, \u27a1\ufe0f <a href=\"https:\/\/silvios-guitar-store.myshopify.com\/collections\/video-kurse\/products\/von-ghost-notes-und-daumen-slaps-perkussive-techniken-auf-der-gitarre-10teilg-video-kurs\" target=\"_blank\" rel=\"noopener\"><strong>perkussive Techniken<\/strong><\/a> auf der Gitarre lernen, die besten \u27a1\ufe0f <a href=\"https:\/\/silvios-guitar-store.myshopify.com\/collections\/video-kurse\/products\/easy-bossa-nova-guitar\" target=\"_blank\" rel=\"noopener\"><strong>Bossa Nova-St\u00fccke<\/strong><\/a> oder sogar \u27a1\ufe0f kreative <a href=\"https:\/\/silvios-guitar-store.myshopify.com\/collections\/video-kurse\/products\/play-create-write-workbook-komponieren-auf-der-gitarre\" target=\"_blank\" rel=\"noopener\"><strong>Kompositions-Tools<\/strong><\/a> f\u00fcr die Gitarre lernen &#8211; du bekommst praxiserprobtes Unterrichtsmaterial, das sich direkt einsetzen l\u00e4sst und deine Sch\u00fcler wirklich weiterbringt. Klar strukturiert, motivierend aufgebaut und nat\u00fcrlich <strong data-start=\"641\" data-end=\"670\">\u201eschneiderleicht\u201c erkl\u00e4rt<\/strong>. \ud83d\ude0e<\/p>\n<p data-start=\"673\" data-end=\"800\">Sende mir einfach einen<\/p>\n<p data-start=\"673\" data-end=\"800\">\u27a1\ufe0f <strong>Beleg<\/strong> f\u00fcr deine Unterrichts-T\u00e4tigkeit und erhalte sofort den<\/p>\n<p data-start=\"673\" data-end=\"800\"><strong>\u27a1\ufe0f Promo-Code <\/strong>f\u00fcr den<strong> Education-Rabatt<\/strong> von 30 % sowie die<\/p>\n<p data-start=\"673\" data-end=\"800\">\u27a1\ufe0f <strong>Lizenz f\u00fcr unbegrenzte Nutzung und Vervielf\u00e4ltigung<\/strong> f\u00fcr deinen Unterricht!<\/p>\n<p data-start=\"673\" data-end=\"800\">Schreib mir \u27a1\ufe0f <a href=\"mailto:info@online-guitar-academy.com\"><strong>HIER und los geht&#8217;s<\/strong><\/a>! \ud83d\udc4d Mach&#8216;\u00a0deinen Unterricht jetzt noch inspirierender!<\/p>\n<\/div><\/section><\/p><\/div><\/div><\/div><\/div><!-- close content main div --><\/div><div class='av-extra-border-element border-extra-diagonal border-extra-diagonal-inverse '><div class='av-extra-border-outer'><div class='av-extra-border-inner'  style='background-color:#f8f8f8;' ><\/div><\/div><\/div><\/div><div id='av_section_3'  class='avia-section header_color avia-section-default avia-no-border-styling avia-bg-style-scroll  avia-builder-el-11  el_after_av_section  el_before_av_section   container_wrap fullsize' style='background-repeat: no-repeat; background-image: url(https:\/\/online-guitar-academy.com\/wp-content\/uploads\/2020\/03\/back_header_tuerkis-2.jpg);background-attachment: scroll; background-position: top left;  '  data-section-bg-repeat='no-repeat'><div class='container' ><div class='template-page content  av-content-full alpha units'><div class='post-entry post-entry-type-page post-entry-10431'><div class='entry-content-wrapper clearfix'>\n<div class='flex_column_table av-equal-height-column-flextable -flextable' ><div class=\"flex_column av_one_full  flex_column_table_cell av-equal-height-column av-align-top av-zero-column-padding first  avia-builder-el-12  avia-builder-el-no-sibling  \" style='border-radius:0px; '><p><div   data-autoplay='1'  data-interval='6'  data-animation='fade'  data-hoverpause='1'  class='avia-testimonial-wrapper avia-slider-testimonials avia-slider-2-testimonials avia_animate_when_almost_visible  av-large-testimonial-slider  '>\n<section class ='avia-testimonial-row'><div class='avia-testimonial av_one_half flex_column no_margin avia-testimonial-row-1 avia-first-testimonial'  itemscope=\"itemscope\" itemtype=\"https:\/\/schema.org\/Person\" ><div class='avia-testimonial_inner'><div class='avia-testimonial-content '    itemscope=\"itemscope\" itemtype=\"https:\/\/schema.org\/CreativeWork\" ><p>\u201eLieber Silvio, ich halte Dich einfach f\u00fcr einen begnadeten Didaktiker, was die Vermittlung von Wissen beim Gitarrespiel angeht! Die Kapitel sind gut nachvollziehbar und logisch: Alles baut so sch\u00f6n aufeinander auf&#8230; Dank f\u00fcr diesen wunderbaren Kurs!&#8220;<\/p>\n<\/div><div class='avia-testimonial-meta'><div class='avia-testimonial-arrow-wrap'><div class='avia-arrow'><\/div><\/div><div class='avia-testimonial-meta-mini'><strong  class='avia-testimonial-name'    itemprop=\"name\" >Anke<\/strong><\/div><\/div><\/div><\/div>\n<div class='avia-testimonial av_one_half flex_column no_margin avia-testimonial-row-1 '  itemscope=\"itemscope\" itemtype=\"https:\/\/schema.org\/Person\" ><div class='avia-testimonial_inner'><div class='avia-testimonial-content '    itemscope=\"itemscope\" itemtype=\"https:\/\/schema.org\/CreativeWork\" ><p>&#8222;Moin, ich war flei\u00dfig. Agua de beber klappt schon ganz gut.<br \/>\nUnd ich muss dich einfach mal loben:\u00a0\u00a0\u00a0\u00a0\u00a0\u00a0\u00a0\u00a0\u00a0\u00a0\u00a0\u00a0\u00a0\u00a0\u00a0 Wirklich Klasse dein Video-Unterricht. Macht so doll Spa\u00df!&#8220;<\/p>\n<\/div><div class='avia-testimonial-meta'><div class='avia-testimonial-arrow-wrap'><div class='avia-arrow'><\/div><\/div><div class='avia-testimonial-meta-mini'><strong  class='avia-testimonial-name'    itemprop=\"name\" >Christine<\/strong><\/div><\/div><\/div><\/div>\n<div class='avia-testimonial av_one_half flex_column no_margin avia-testimonial-row-1 '  itemscope=\"itemscope\" itemtype=\"https:\/\/schema.org\/Person\" ><div class='avia-testimonial_inner'><div class='avia-testimonial-content '    itemscope=\"itemscope\" itemtype=\"https:\/\/schema.org\/CreativeWork\" ><p>&#8222;Du bist einfach der Beste! In Sachen grooviges Spiel und vor allem auch der didaktischen Vermittlung macht dir hier keiner was vor! Freue mich jeden Monat wie ein kleines Kind auf das n\u00e4chste Kapitel!&#8220;<\/p>\n<\/div><div class='avia-testimonial-meta'><div class='avia-testimonial-arrow-wrap'><div class='avia-arrow'><\/div><\/div><div class='avia-testimonial-meta-mini'><strong  class='avia-testimonial-name'    itemprop=\"name\" >Valentin<\/strong><\/div><\/div><\/div><\/div>\n<div class='avia-testimonial av_one_half flex_column no_margin avia-testimonial-row-1 '  itemscope=\"itemscope\" itemtype=\"https:\/\/schema.org\/Person\" ><div class='avia-testimonial_inner'><div class='avia-testimonial-content '    itemscope=\"itemscope\" itemtype=\"https:\/\/schema.org\/CreativeWork\" ><p>&#8222;Absolut empfehlenswert fu\u0308r Gitarrenfreunde, die nicht vor Ort sind, wenig Zeit haben, dennoch motiviert sind voran zu kommen, sich was Gutes tun und sich mit inspirierenden Songs ein Stu\u0308ckchen Urlaubs-Ambiente in ihr Zuhause zaubern wollen!&#8220;<\/p>\n<\/div><div class='avia-testimonial-meta'><div class='avia-testimonial-arrow-wrap'><div class='avia-arrow'><\/div><\/div><div class='avia-testimonial-meta-mini'><strong  class='avia-testimonial-name'    itemprop=\"name\" >Ariane Runge<\/strong><\/div><\/div><\/div><\/div>\n<div class='avia-testimonial av_one_half flex_column no_margin avia-testimonial-row-1 '  itemscope=\"itemscope\" itemtype=\"https:\/\/schema.org\/Person\" ><div class='avia-testimonial_inner'><div class='avia-testimonial-content '    itemscope=\"itemscope\" itemtype=\"https:\/\/schema.org\/CreativeWork\" ><p>&#8222;Heute (2020) bin ich am Ende des Kurses angekommen, leider! Denn jedes Kapitel endet mit einem wunderbaren Solost\u00fcck, die von der Auswahl her genau meinen Geschmack treffen und vom Arrangement her einfach unter die Haut gehen. Was f\u00fcr ein Fundus!&#8220;<\/p>\n<\/div><div class='avia-testimonial-meta'><div class='avia-testimonial-arrow-wrap'><div class='avia-arrow'><\/div><\/div><div class='avia-testimonial-meta-mini'><strong  class='avia-testimonial-name'    itemprop=\"name\" >Stefan Schoelzel<\/strong><\/div><\/div><\/div><\/div>\n<div class='avia-testimonial av_one_half flex_column no_margin avia-testimonial-row-1 '  itemscope=\"itemscope\" itemtype=\"https:\/\/schema.org\/Person\" ><div class='avia-testimonial_inner'><div class='avia-testimonial-content '    itemscope=\"itemscope\" itemtype=\"https:\/\/schema.org\/CreativeWork\" ><p>&#8222;Die vielen \u00dcbungen f\u00fcr Finger, K\u00f6rper und Geist \u00a0waren lehrreich, inspirierend und haben mich definitiv auf ein neues Level gehoben. \u00a0Die Harmonien der vielen Gitarrenst\u00fccke ber\u00fchren mich noch immer ungemein und weisen einen Weg jenseits der Standardarrangements.&#8220;<\/p>\n<\/div><div class='avia-testimonial-meta'><div class='avia-testimonial-arrow-wrap'><div class='avia-arrow'><\/div><\/div><div class='avia-testimonial-meta-mini'><strong  class='avia-testimonial-name'    itemprop=\"name\" >Michael Hensel<\/strong><\/div><\/div><\/div><\/div>\n<div class='avia-testimonial av_one_half flex_column no_margin avia-testimonial-row-1 '  itemscope=\"itemscope\" itemtype=\"https:\/\/schema.org\/Person\" ><div class='avia-testimonial_inner'><div class='avia-testimonial-content '    itemscope=\"itemscope\" itemtype=\"https:\/\/schema.org\/CreativeWork\" ><p>&#8220; Ich mag die Arrangements von Silvio. Es macht Spa\u00df diese zu \u00fcben und sie erweitern oft meinen eigenen musikalischen Horizont. Silvio dabei auf die H\u00e4nde schauen zu k\u00f6nnen, gekoppelt mit den gegebenen \u00dcbungstipps, helfen dabei, selbst besser zu werden.&#8220;<\/p>\n<\/div><div class='avia-testimonial-meta'><div class='avia-testimonial-arrow-wrap'><div class='avia-arrow'><\/div><\/div><div class='avia-testimonial-meta-mini'><strong  class='avia-testimonial-name'    itemprop=\"name\" >Steffen<\/strong><\/div><\/div><\/div><\/div>\n<\/section><div class='avia-slideshow-arrows avia-slideshow-controls' ><a href='#prev' class='prev-slide' aria-hidden='true' data-av_icon='\ue87c' data-av_iconfont='entypo-fontello'>Zur\u00fcck<\/a><a href='#next' class='next-slide' aria-hidden='true' data-av_icon='\ue87d' data-av_iconfont='entypo-fontello'>Weiter<\/a><\/div><\/div><br \/>\n<div  style=' margin-top:100px; margin-bottom:30px;'  class='hr hr-custom hr-center hr-icon-no   avia-builder-el-14  el_after_av_testimonials  avia-builder-el-last '><span class='hr-inner   inner-border-av-border-none' style=' width:50px;' ><span class='hr-inner-style'><\/span><\/span><\/div><\/p><\/div><\/div><!--close column table wrapper. Autoclose: 1 -->\n<\/p>\n<\/div><\/div><\/div><!-- close content main div --><\/div><div class='av-extra-border-element border-extra-diagonal border-extra-diagonal-inverse '><div class='av-extra-border-outer'><div class='av-extra-border-inner'  style='background-color:#ffffff;' ><\/div><\/div><\/div><\/div><div id='av_section_4'  class='avia-section main_color avia-section-no-padding avia-no-border-styling avia-bg-style-scroll  avia-builder-el-15  el_after_av_section  avia-builder-el-last   av-minimum-height av-minimum-height-custom  container_wrap fullsize' style=' '  ><div class='container' style='height:1px'><div class='template-page content  av-content-full alpha units'><div class='post-entry post-entry-type-page post-entry-10431'><div class='entry-content-wrapper clearfix'>\n","protected":false},"excerpt":{"rendered":"","protected":false},"author":3,"featured_media":0,"parent":0,"menu_order":0,"comment_status":"closed","ping_status":"closed","template":"","meta":[],"yoast_head":"<!-- This site is optimized with the Yoast SEO plugin v19.4 - https:\/\/yoast.com\/wordpress\/plugins\/seo\/ -->\n<title>Education Circle+ - Online Guitar Academy<\/title>\n<meta name=\"robots\" content=\"index, follow, max-snippet:-1, max-image-preview:large, max-video-preview:-1\" \/>\n<link rel=\"canonical\" href=\"https:\/\/online-guitar-academy.com\/index.php\/education-circle\/\" \/>\n<meta property=\"og:locale\" content=\"de_DE\" \/>\n<meta property=\"og:type\" content=\"article\" \/>\n<meta property=\"og:title\" content=\"Education Circle+ - Online Guitar Academy\" \/>\n<meta property=\"og:url\" content=\"https:\/\/online-guitar-academy.com\/index.php\/education-circle\/\" \/>\n<meta property=\"og:site_name\" content=\"Online Guitar Academy\" \/>\n<meta property=\"article:modified_time\" content=\"2026-03-12T07:10:40+00:00\" \/>\n<meta name=\"twitter:card\" content=\"summary_large_image\" \/>\n<meta name=\"twitter:label1\" content=\"Gesch\u00e4tzte Lesezeit\" \/>\n\t<meta name=\"twitter:data1\" content=\"5\u00a0Minuten\" \/>\n<script type=\"application\/ld+json\" class=\"yoast-schema-graph\">{\"@context\":\"https:\/\/schema.org\",\"@graph\":[{\"@type\":\"WebSite\",\"@id\":\"https:\/\/online-guitar-academy.com\/#website\",\"url\":\"https:\/\/online-guitar-academy.com\/\",\"name\":\"Online Guitar Academy\",\"description\":\"Gitarrenkurse, Notenhefte, Videos, Guitar Camps\",\"potentialAction\":[{\"@type\":\"SearchAction\",\"target\":{\"@type\":\"EntryPoint\",\"urlTemplate\":\"https:\/\/online-guitar-academy.com\/?s={search_term_string}\"},\"query-input\":\"required name=search_term_string\"}],\"inLanguage\":\"de\"},{\"@type\":\"WebPage\",\"@id\":\"https:\/\/online-guitar-academy.com\/index.php\/education-circle\/\",\"url\":\"https:\/\/online-guitar-academy.com\/index.php\/education-circle\/\",\"name\":\"Education Circle+ - Online Guitar Academy\",\"isPartOf\":{\"@id\":\"https:\/\/online-guitar-academy.com\/#website\"},\"datePublished\":\"2026-03-02T14:53:34+00:00\",\"dateModified\":\"2026-03-12T07:10:40+00:00\",\"breadcrumb\":{\"@id\":\"https:\/\/online-guitar-academy.com\/index.php\/education-circle\/#breadcrumb\"},\"inLanguage\":\"de\",\"potentialAction\":[{\"@type\":\"ReadAction\",\"target\":[\"https:\/\/online-guitar-academy.com\/index.php\/education-circle\/\"]}]},{\"@type\":\"BreadcrumbList\",\"@id\":\"https:\/\/online-guitar-academy.com\/index.php\/education-circle\/#breadcrumb\",\"itemListElement\":[{\"@type\":\"ListItem\",\"position\":1,\"name\":\"Home\",\"item\":\"https:\/\/online-guitar-academy.com\/\"},{\"@type\":\"ListItem\",\"position\":2,\"name\":\"Education Circle+\"}]}]}<\/script>\n<!-- \/ Yoast SEO plugin. -->","yoast_head_json":{"title":"Education Circle+ - Online Guitar Academy","robots":{"index":"index","follow":"follow","max-snippet":"max-snippet:-1","max-image-preview":"max-image-preview:large","max-video-preview":"max-video-preview:-1"},"canonical":"https:\/\/online-guitar-academy.com\/index.php\/education-circle\/","og_locale":"de_DE","og_type":"article","og_title":"Education Circle+ - Online Guitar Academy","og_url":"https:\/\/online-guitar-academy.com\/index.php\/education-circle\/","og_site_name":"Online Guitar Academy","article_modified_time":"2026-03-12T07:10:40+00:00","twitter_card":"summary_large_image","twitter_misc":{"Gesch\u00e4tzte Lesezeit":"5\u00a0Minuten"},"schema":{"@context":"https:\/\/schema.org","@graph":[{"@type":"WebSite","@id":"https:\/\/online-guitar-academy.com\/#website","url":"https:\/\/online-guitar-academy.com\/","name":"Online Guitar Academy","description":"Gitarrenkurse, Notenhefte, Videos, Guitar Camps","potentialAction":[{"@type":"SearchAction","target":{"@type":"EntryPoint","urlTemplate":"https:\/\/online-guitar-academy.com\/?s={search_term_string}"},"query-input":"required name=search_term_string"}],"inLanguage":"de"},{"@type":"WebPage","@id":"https:\/\/online-guitar-academy.com\/index.php\/education-circle\/","url":"https:\/\/online-guitar-academy.com\/index.php\/education-circle\/","name":"Education Circle+ - Online Guitar Academy","isPartOf":{"@id":"https:\/\/online-guitar-academy.com\/#website"},"datePublished":"2026-03-02T14:53:34+00:00","dateModified":"2026-03-12T07:10:40+00:00","breadcrumb":{"@id":"https:\/\/online-guitar-academy.com\/index.php\/education-circle\/#breadcrumb"},"inLanguage":"de","potentialAction":[{"@type":"ReadAction","target":["https:\/\/online-guitar-academy.com\/index.php\/education-circle\/"]}]},{"@type":"BreadcrumbList","@id":"https:\/\/online-guitar-academy.com\/index.php\/education-circle\/#breadcrumb","itemListElement":[{"@type":"ListItem","position":1,"name":"Home","item":"https:\/\/online-guitar-academy.com\/"},{"@type":"ListItem","position":2,"name":"Education Circle+"}]}]}},"_links":{"self":[{"href":"https:\/\/online-guitar-academy.com\/index.php\/wp-json\/wp\/v2\/pages\/10431"}],"collection":[{"href":"https:\/\/online-guitar-academy.com\/index.php\/wp-json\/wp\/v2\/pages"}],"about":[{"href":"https:\/\/online-guitar-academy.com\/index.php\/wp-json\/wp\/v2\/types\/page"}],"author":[{"embeddable":true,"href":"https:\/\/online-guitar-academy.com\/index.php\/wp-json\/wp\/v2\/users\/3"}],"replies":[{"embeddable":true,"href":"https:\/\/online-guitar-academy.com\/index.php\/wp-json\/wp\/v2\/comments?post=10431"}],"version-history":[{"count":27,"href":"https:\/\/online-guitar-academy.com\/index.php\/wp-json\/wp\/v2\/pages\/10431\/revisions"}],"predecessor-version":[{"id":10487,"href":"https:\/\/online-guitar-academy.com\/index.php\/wp-json\/wp\/v2\/pages\/10431\/revisions\/10487"}],"wp:attachment":[{"href":"https:\/\/online-guitar-academy.com\/index.php\/wp-json\/wp\/v2\/media?parent=10431"}],"curies":[{"name":"wp","href":"https:\/\/api.w.org\/{rel}","templated":true}]}}